{"id":1250,"date":"2025-11-07T11:02:34","date_gmt":"2025-11-07T14:02:34","guid":{"rendered":"https:\/\/coltex.com.br\/site\/?page_id=1250"},"modified":"2026-04-29T18:30:50","modified_gmt":"2026-04-29T21:30:50","slug":"linha-esportiva","status":"publish","type":"page","link":"https:\/\/coltex.com.br\/site\/linha-esportiva\/","title":{"rendered":"Linha esportiva"},"content":{"rendered":"\n<div class=\"wp-block-cover alignfull\" style=\"padding-top:var(--wp--preset--spacing--70);padding-bottom:var(--wp--preset--spacing--70)\"><img loading=\"lazy\" decoding=\"async\" width=\"1024\" height=\"785\" class=\"wp-block-cover__image-background wp-image-1272 size-large\" alt=\"\" src=\"https:\/\/coltex.com.br\/site\/wp-content\/uploads\/2025\/11\/DSC08340-1024x785.jpg\" style=\"object-position:53% 28%\" data-object-fit=\"cover\" data-object-position=\"53% 28%\" srcset=\"https:\/\/coltex.com.br\/site\/wp-content\/uploads\/2025\/11\/DSC08340-1024x785.jpg 1024w, https:\/\/coltex.com.br\/site\/wp-content\/uploads\/2025\/11\/DSC08340-300x230.jpg 300w, https:\/\/coltex.com.br\/site\/wp-content\/uploads\/2025\/11\/DSC08340-768x588.jpg 768w, https:\/\/coltex.com.br\/site\/wp-content\/uploads\/2025\/11\/DSC08340-1536x1177.jpg 1536w, https:\/\/coltex.com.br\/site\/wp-content\/uploads\/2025\/11\/DSC08340-2048x1569.jpg 2048w, https:\/\/coltex.com.br\/site\/wp-content\/uploads\/2025\/11\/DSC08340-600x460.jpg 600w\" sizes=\"auto, (max-width: 1024px) 100vw, 1024px\" \/><span aria-hidden=\"true\" class=\"wp-block-cover__background has-primary-background-color has-background-dim-20 has-background-dim\"><\/span><div class=\"wp-block-cover__inner-container has-global-padding is-layout-constrained wp-block-cover-is-layout-constrained\">\n<div style=\"height:545px\" aria-hidden=\"true\" class=\"wp-block-spacer\"><\/div>\n\n\n\n<div style=\"height:10vh\" aria-hidden=\"true\" class=\"wp-block-spacer\"><\/div>\n<\/div><\/div>\n\n\n\n<div style=\"height:5vh\" aria-hidden=\"true\" class=\"wp-block-spacer\"><\/div>\n\n\n\n<div class=\"wp-block-group alignfull has-global-padding is-layout-constrained wp-container-core-group-is-layout-a31aa551 wp-block-group-is-layout-constrained\">\n<h2 class=\"wp-block-heading has-text-align-center\" style=\"padding-bottom:var(--wp--preset--spacing--10)\">Aqui Tecnologia \u00e9 Atitude<\/h2>\n\n\n\n<p class=\"has-text-align-center has-x-large-font-size\" style=\"margin-top:var(--wp--preset--spacing--10);margin-right:0;margin-bottom:var(--wp--preset--spacing--10);margin-left:0\">Aqui, inova\u00e7\u00e3o \u00e9 parte da rotina.<br>Nossa equipe de desenvolvimento trabalha lado a lado com marcas esportivas, studios e confec\u00e7\u00f5es para <br>criar tecidos que traduzem prop\u00f3sito e performance \u2014 do treino \u00e0 rua, da moda funcional ao athleisure.<\/p>\n\n\n\n<p class=\"has-text-align-center has-x-large-font-size\">Cores vibrantes, texturas din\u00e2micas e acabamentos tecnol\u00f3gicos fazem da Linha Esportiva Coltex o ponto<br>de partida para cole\u00e7\u00f5es que inspiram movimento, supera\u00e7\u00e3o e confian\u00e7a.<\/p>\n\n\n\n<p class=\"has-text-align-center has-x-large-font-size\"><strong>Coltex Esportivo. Onde tecnologia encontra atitude. Onde o tecido acompanha o corpo<\/strong><br><strong> e o futuro da performance <\/strong><strong>ganha forma.<\/strong><\/p>\n\n\n\n<p class=\"has-text-align-center has-x-large-font-size\"><\/p>\n<\/div>\n\n\n\n<div class=\"wp-block-group alignfull has-accent-background-background-color has-background has-global-padding is-layout-constrained wp-container-core-group-is-layout-5c53b157 wp-block-group-is-layout-constrained\" style=\"border-style:none;border-width:0px;min-height:0px;margin-top:0;margin-bottom:0;padding-top:0;padding-right:0;padding-bottom:0;padding-left:0\">\n<div class=\"wp-block-group is-nowrap is-layout-flex wp-container-core-group-is-layout-6c531013 wp-block-group-is-layout-flex\">\n<figure class=\"wp-block-image size-large\"><img decoding=\"async\" src=\"https:\/\/coltex.com.br\/site\/wp-content\/uploads\/2025\/11\/46-TOKYO-1587-683x1024.jpg\" alt=\"\" class=\"wp-image-1700\" style=\"object-fit:cover\"\/><\/figure>\n\n\n\n<div style=\"height:100px;width:0px\" aria-hidden=\"true\" class=\"wp-block-spacer wp-container-content-6388d5dc\"><\/div>\n\n\n\n<div class=\"wp-block-group has-global-padding is-layout-constrained wp-container-core-group-is-layout-6ab92954 wp-block-group-is-layout-constrained\" style=\"margin-top:0;margin-bottom:0;padding-top:0;padding-right:0;padding-bottom:0;padding-left:0\">\n<h2 class=\"wp-block-heading\">Poliamida<\/h2>\n\n\n\n<p class=\"has-large-font-size\">A <strong>Linha de Poliamida Coltex<\/strong> \u00e9 o cora\u00e7\u00e3o da nossa cole\u00e7\u00e3o \u2014 uma s\u00edntese perfeita entre <strong>inova\u00e7\u00e3o t\u00eaxtil, sensorialidade e performance<\/strong>. Desenvolvida com mat\u00e9rias-primas premium e processos tecnol\u00f3gicos de \u00faltima gera\u00e7\u00e3o, essa linha representa o nosso compromisso em oferecer <strong>tecidos inteligentes<\/strong>, capazes de unir <strong>beleza, funcionalidade e durabilidade<\/strong> em cada cria\u00e7\u00e3o.<\/p>\n\n\n\n<p class=\"has-large-font-size\">Com toque macio, alta elasticidade e excelente caimento, os tecidos de poliamida Coltex garantem <strong>liberdade de movimento, conforto t\u00e9rmico e resist\u00eancia superior<\/strong>, ideais para atender aos segmentos <strong>esportivo, moda praia e \u00edntimo<\/strong>.<br>Al\u00e9m disso, oferecem <strong>secagem r\u00e1pida, prote\u00e7\u00e3o UV50+ e respirabilidade<\/strong>, tornando-se aliados perfeitos para quem busca performance e sofistica\u00e7\u00e3o no mesmo produto.<\/p>\n<\/div>\n<\/div>\n<\/div>\n\n\n\n<div style=\"height:50px\" aria-hidden=\"true\" class=\"wp-block-spacer\"><\/div>\n\n\n\n<div class=\"wp-block-group alignfull has-global-padding is-layout-constrained wp-container-core-group-is-layout-a31aa551 wp-block-group-is-layout-constrained\">\n<h2 class=\"wp-block-heading has-text-align-center\" style=\"padding-bottom:var(--wp--preset--spacing--10)\">Poliamida Coltex \u2014 performance que se sente, tecnologia que se veste<\/h2>\n\n\n\n<p class=\"has-text-align-center has-x-large-font-size\">Feita para criar, inspirar e acompanhar cada movimento com leveza e prop\u00f3sito.<br>Respons\u00e1vel e moderna, a linha tamb\u00e9m segue padr\u00f5es rigorosos de qualidade e sustentabilidade, com <br><strong>certifica\u00e7\u00f5es e homologa\u00e7\u00f5es<\/strong> que garantem seguran\u00e7a, rastreabilidade e respeito ao meio ambiente.<\/p>\n<\/div>\n\n\n\n<div style=\"height:30px\" aria-hidden=\"true\" class=\"wp-block-spacer\"><\/div>\n\n\n\n<div class=\"wp-block-group alignfull has-accent-background-background-color has-background has-global-padding is-layout-constrained wp-container-core-group-is-layout-5c53b157 wp-block-group-is-layout-constrained\" style=\"border-style:none;border-width:0px;min-height:0px;margin-top:0;margin-bottom:0;padding-top:0;padding-right:0;padding-bottom:0;padding-left:0\">\n<div class=\"wp-block-media-text has-media-on-the-right is-stacked-on-mobile is-vertically-aligned-top is-image-fill-element has-accent-background-background-color has-background\" style=\"border-style:none;border-width:0px;margin-top:0;margin-right:0;margin-bottom:0;margin-left:0;padding-top:0;padding-right:0;padding-bottom:0;padding-left:0;grid-template-columns:auto 40%\"><div class=\"wp-block-media-text__content\">\n<h5 class=\"wp-block-heading\">Conhe\u00e7a um pouco da nossa <\/h5>\n\n\n\n<h2 class=\"wp-block-heading\">Linha de Poli\u00e9ster <\/h2>\n\n\n\n<p class=\"has-large-font-size\">A <strong>Linha de Poli\u00e9ster Coltex<\/strong> foi desenvolvida para unir <strong>tecnologia e versatilidade<\/strong>, atendendo \u00e0s demandas de quem busca <strong>desempenho, resist\u00eancia e liberdade criativa<\/strong> em suas cole\u00e7\u00f5es. Com bases que se destacam pela <strong>leveza, estabilidade dimensional e excelente rendimento<\/strong>, o poli\u00e9ster Coltex \u00e9 sin\u00f4nimo de <strong>efici\u00eancia produtiva e inova\u00e7\u00e3o est\u00e9tica<\/strong>.<\/p>\n\n\n\n<div style=\"height:20px\" aria-hidden=\"true\" class=\"wp-block-spacer\"><\/div>\n\n\n\n<hr class=\"wp-block-separator has-alpha-channel-opacity is-style-wide\"\/>\n\n\n\n<div style=\"height:24px\" aria-hidden=\"true\" class=\"wp-block-spacer\"><\/div>\n\n\n\n<div class=\"wp-block-columns is-layout-flex wp-container-core-columns-is-layout-28f84493 wp-block-columns-is-layout-flex\">\n<div class=\"wp-block-column is-layout-flow wp-block-column-is-layout-flow\">\n<div class=\"wp-block-group is-nowrap is-layout-flex wp-container-core-group-is-layout-f66f9956 wp-block-group-is-layout-flex\">\n<figure class=\"wp-block-image size-full is-resized\"><img decoding=\"async\" src=\"https:\/\/storage.googleapis.com\/agni_patterns_bucket\/everglow\/check-circled.png\" alt=\"\" class=\"wp-image-77\" style=\"width:40px;height:40px\"\/><\/figure>\n\n\n\n<div class=\"wp-block-group has-global-padding is-layout-constrained wp-container-core-group-is-layout-ccbb58b6 wp-block-group-is-layout-constrained\">\n<h5 class=\"wp-block-heading\">Resist\u00eancia<\/h5>\n\n\n\n<p class=\"has-small-font-size\"><\/p>\n<\/div>\n<\/div>\n<\/div>\n\n\n\n<div class=\"wp-block-column is-layout-flow wp-block-column-is-layout-flow\">\n<div class=\"wp-block-group is-nowrap is-layout-flex wp-container-core-group-is-layout-f66f9956 wp-block-group-is-layout-flex\">\n<figure class=\"wp-block-image size-full is-resized\"><img decoding=\"async\" src=\"https:\/\/storage.googleapis.com\/agni_patterns_bucket\/everglow\/check-circled.png\" alt=\"\" class=\"wp-image-77\" style=\"width:40px;height:40px\"\/><\/figure>\n\n\n\n<div class=\"wp-block-group has-global-padding is-layout-constrained wp-container-core-group-is-layout-ccbb58b6 wp-block-group-is-layout-constrained\">\n<h5 class=\"wp-block-heading\">Elasticidade<\/h5>\n\n\n\n<p class=\"has-small-font-size\"><\/p>\n<\/div>\n<\/div>\n<\/div>\n<\/div>\n\n\n\n<div class=\"wp-block-columns is-layout-flex wp-container-core-columns-is-layout-28f84493 wp-block-columns-is-layout-flex\">\n<div class=\"wp-block-column is-layout-flow wp-block-column-is-layout-flow\">\n<div class=\"wp-block-group is-nowrap is-layout-flex wp-container-core-group-is-layout-f66f9956 wp-block-group-is-layout-flex\">\n<figure class=\"wp-block-image size-full is-resized\"><img decoding=\"async\" src=\"https:\/\/storage.googleapis.com\/agni_patterns_bucket\/everglow\/check-circled.png\" alt=\"\" class=\"wp-image-77\" style=\"width:40px;height:40px\"\/><\/figure>\n\n\n\n<div class=\"wp-block-group has-global-padding is-layout-constrained wp-container-core-group-is-layout-ccbb58b6 wp-block-group-is-layout-constrained\">\n<h5 class=\"wp-block-heading\">Efici\u00eancia<\/h5>\n\n\n\n<p class=\"has-small-font-size\"><\/p>\n<\/div>\n<\/div>\n<\/div>\n\n\n\n<div class=\"wp-block-column is-layout-flow wp-block-column-is-layout-flow\">\n<div class=\"wp-block-group is-nowrap is-layout-flex wp-container-core-group-is-layout-f66f9956 wp-block-group-is-layout-flex\">\n<figure class=\"wp-block-image size-full is-resized\"><img decoding=\"async\" src=\"https:\/\/storage.googleapis.com\/agni_patterns_bucket\/everglow\/check-circled.png\" alt=\"\" class=\"wp-image-77\" style=\"width:40px;height:40px\"\/><\/figure>\n\n\n\n<div class=\"wp-block-group has-global-padding is-layout-constrained wp-container-core-group-is-layout-ccbb58b6 wp-block-group-is-layout-constrained\">\n<h5 class=\"wp-block-heading\">Antiodor<\/h5>\n\n\n\n<p class=\"has-small-font-size\"><\/p>\n<\/div>\n<\/div>\n<\/div>\n<\/div>\n<\/div><figure class=\"wp-block-media-text__media\"><img loading=\"lazy\" decoding=\"async\" width=\"1707\" height=\"2560\" src=\"https:\/\/coltex.com.br\/site\/wp-content\/uploads\/2025\/11\/DSC08661-1-scaled.jpg\" alt=\"\" class=\"wp-image-1265 size-full\" style=\"object-position:27% 51%\" srcset=\"https:\/\/coltex.com.br\/site\/wp-content\/uploads\/2025\/11\/DSC08661-1-scaled.jpg 1707w, https:\/\/coltex.com.br\/site\/wp-content\/uploads\/2025\/11\/DSC08661-1-200x300.jpg 200w, https:\/\/coltex.com.br\/site\/wp-content\/uploads\/2025\/11\/DSC08661-1-683x1024.jpg 683w, https:\/\/coltex.com.br\/site\/wp-content\/uploads\/2025\/11\/DSC08661-1-768x1152.jpg 768w, https:\/\/coltex.com.br\/site\/wp-content\/uploads\/2025\/11\/DSC08661-1-1024x1536.jpg 1024w, https:\/\/coltex.com.br\/site\/wp-content\/uploads\/2025\/11\/DSC08661-1-1365x2048.jpg 1365w, https:\/\/coltex.com.br\/site\/wp-content\/uploads\/2025\/11\/DSC08661-1-600x900.jpg 600w\" sizes=\"auto, (max-width: 1707px) 100vw, 1707px\" \/><\/figure><\/div>\n<\/div>\n\n\n\n<div class=\"wp-block-group alignfull has-text-color has-background is-layout-flow wp-block-group-is-layout-flow\" style=\"color:#000000;background-color:#ffffff\">\n<p class=\"has-text-align-center has-medium-font-size\" style=\"line-height:.9\"><strong>Quer conhecer mais nossa cole\u00e7\u00e3o?<\/strong><\/p>\n\n\n\n<h2 class=\"wp-block-heading has-text-align-center\" id=\"schedule-a-visit\" style=\"font-size:clamp(32.969px, 2.061rem + ((1vw - 3.2px) * 2.034), 59px);px;line-height:1.15\"><strong>Linha esportiva <\/strong><\/h2>\n\n\n\n<div class=\"wp-block-buttons is-horizontal is-content-justification-center is-layout-flex wp-container-core-buttons-is-layout-03627597 wp-block-buttons-is-layout-flex\">\n<div class=\"wp-block-button has-custom-width wp-block-button__width-50\"><a class=\"wp-block-button__link has-text-color has-background has-medium-font-size has-custom-font-size wp-element-button\" style=\"border-radius:50px;color:#ffffff;background-color:#000000\">Quero conhecer a linha completa<\/a><\/div>\n<\/div>\n<\/div>\n","protected":false},"excerpt":{"rendered":"<p>Aqui Tecnologia \u00e9 Atitude Aqui, inova\u00e7\u00e3o \u00e9 parte da rotina.Nossa equipe de desenvolvimento trabalha lado a lado com marcas esportivas, studios e confec\u00e7\u00f5es para criar tecidos que traduzem prop\u00f3sito e performance \u2014 do treino \u00e0 rua, da moda funcional ao athleisure. Cores vibrantes, texturas din\u00e2micas e acabamentos tecnol\u00f3gicos fazem da Linha Esportiva Coltex o pontode [&hellip;]<\/p>\n","protected":false},"author":2,"featured_media":1272,"parent":0,"menu_order":0,"comment_status":"closed","ping_status":"closed","template":"","meta":{"footnotes":""},"class_list":["post-1250","page","type-page","status-publish","has-post-thumbnail","hentry"],"yoast_head":"<!-- This site is optimized with the Yoast SEO plugin v27.5 - https:\/\/yoast.com\/product\/yoast-seo-wordpress\/ -->\n<title>Linha esportiva - Coltex<\/title>\n<meta name=\"robots\" content=\"index, follow, max-snippet:-1, max-image-preview:large, max-video-preview:-1\" \/>\n<link rel=\"canonical\" href=\"https:\/\/coltex.com.br\/site\/linha-esportiva\/\" \/>\n<meta property=\"og:locale\" content=\"pt_BR\" \/>\n<meta property=\"og:type\" content=\"article\" \/>\n<meta property=\"og:title\" content=\"Linha esportiva - Coltex\" \/>\n<meta property=\"og:description\" content=\"Aqui Tecnologia \u00e9 Atitude Aqui, inova\u00e7\u00e3o \u00e9 parte da rotina.Nossa equipe de desenvolvimento trabalha lado a lado com marcas esportivas, studios e confec\u00e7\u00f5es para criar tecidos que traduzem prop\u00f3sito e performance \u2014 do treino \u00e0 rua, da moda funcional ao athleisure. Cores vibrantes, texturas din\u00e2micas e acabamentos tecnol\u00f3gicos fazem da Linha Esportiva Coltex o pontode [&hellip;]\" \/>\n<meta property=\"og:url\" content=\"https:\/\/coltex.com.br\/site\/linha-esportiva\/\" \/>\n<meta property=\"og:site_name\" content=\"Coltex\" \/>\n<meta property=\"article:publisher\" content=\"https:\/\/www.facebook.com\/coltextextil\" \/>\n<meta property=\"article:modified_time\" content=\"2026-04-29T21:30:50+00:00\" \/>\n<meta property=\"og:image\" content=\"https:\/\/coltex.com.br\/site\/wp-content\/uploads\/2025\/11\/DSC08340-scaled.jpg\" \/>\n\t<meta property=\"og:image:width\" content=\"2560\" \/>\n\t<meta property=\"og:image:height\" content=\"1961\" \/>\n\t<meta property=\"og:image:type\" content=\"image\/jpeg\" \/>\n<meta name=\"twitter:card\" content=\"summary_large_image\" \/>\n<meta name=\"twitter:label1\" content=\"Est. tempo de leitura\" \/>\n\t<meta name=\"twitter:data1\" content=\"2 minutos\" \/>\n<script type=\"application\/ld+json\" class=\"yoast-schema-graph\">{\"@context\":\"https:\\\/\\\/schema.org\",\"@graph\":[{\"@type\":\"WebPage\",\"@id\":\"https:\\\/\\\/coltex.com.br\\\/site\\\/linha-esportiva\\\/\",\"url\":\"https:\\\/\\\/coltex.com.br\\\/site\\\/linha-esportiva\\\/\",\"name\":\"Linha esportiva - Coltex\",\"isPartOf\":{\"@id\":\"https:\\\/\\\/coltex.com.br\\\/site\\\/#website\"},\"primaryImageOfPage\":{\"@id\":\"https:\\\/\\\/coltex.com.br\\\/site\\\/linha-esportiva\\\/#primaryimage\"},\"image\":{\"@id\":\"https:\\\/\\\/coltex.com.br\\\/site\\\/linha-esportiva\\\/#primaryimage\"},\"thumbnailUrl\":\"https:\\\/\\\/coltex.com.br\\\/site\\\/wp-content\\\/uploads\\\/2025\\\/11\\\/DSC08340-scaled.jpg\",\"datePublished\":\"2025-11-07T14:02:34+00:00\",\"dateModified\":\"2026-04-29T21:30:50+00:00\",\"breadcrumb\":{\"@id\":\"https:\\\/\\\/coltex.com.br\\\/site\\\/linha-esportiva\\\/#breadcrumb\"},\"inLanguage\":\"pt-BR\",\"potentialAction\":[{\"@type\":\"ReadAction\",\"target\":[\"https:\\\/\\\/coltex.com.br\\\/site\\\/linha-esportiva\\\/\"]}]},{\"@type\":\"ImageObject\",\"inLanguage\":\"pt-BR\",\"@id\":\"https:\\\/\\\/coltex.com.br\\\/site\\\/linha-esportiva\\\/#primaryimage\",\"url\":\"https:\\\/\\\/coltex.com.br\\\/site\\\/wp-content\\\/uploads\\\/2025\\\/11\\\/DSC08340-scaled.jpg\",\"contentUrl\":\"https:\\\/\\\/coltex.com.br\\\/site\\\/wp-content\\\/uploads\\\/2025\\\/11\\\/DSC08340-scaled.jpg\",\"width\":2560,\"height\":1961},{\"@type\":\"BreadcrumbList\",\"@id\":\"https:\\\/\\\/coltex.com.br\\\/site\\\/linha-esportiva\\\/#breadcrumb\",\"itemListElement\":[{\"@type\":\"ListItem\",\"position\":1,\"name\":\"In\u00edcio\",\"item\":\"https:\\\/\\\/coltex.com.br\\\/site\\\/\"},{\"@type\":\"ListItem\",\"position\":2,\"name\":\"Linha esportiva\"}]},{\"@type\":\"WebSite\",\"@id\":\"https:\\\/\\\/coltex.com.br\\\/site\\\/#website\",\"url\":\"https:\\\/\\\/coltex.com.br\\\/site\\\/\",\"name\":\"Coltex\",\"description\":\"\",\"publisher\":{\"@id\":\"https:\\\/\\\/coltex.com.br\\\/site\\\/#organization\"},\"potentialAction\":[{\"@type\":\"SearchAction\",\"target\":{\"@type\":\"EntryPoint\",\"urlTemplate\":\"https:\\\/\\\/coltex.com.br\\\/site\\\/?s={search_term_string}\"},\"query-input\":{\"@type\":\"PropertyValueSpecification\",\"valueRequired\":true,\"valueName\":\"search_term_string\"}}],\"inLanguage\":\"pt-BR\"},{\"@type\":\"Organization\",\"@id\":\"https:\\\/\\\/coltex.com.br\\\/site\\\/#organization\",\"name\":\"Coltex\",\"url\":\"https:\\\/\\\/coltex.com.br\\\/site\\\/\",\"logo\":{\"@type\":\"ImageObject\",\"inLanguage\":\"pt-BR\",\"@id\":\"https:\\\/\\\/coltex.com.br\\\/site\\\/#\\\/schema\\\/logo\\\/image\\\/\",\"url\":\"https:\\\/\\\/coltex.com.br\\\/site\\\/wp-content\\\/uploads\\\/2025\\\/10\\\/logo-coltex-para-o-site-copiar.png\",\"contentUrl\":\"https:\\\/\\\/coltex.com.br\\\/site\\\/wp-content\\\/uploads\\\/2025\\\/10\\\/logo-coltex-para-o-site-copiar.png\",\"width\":424,\"height\":135,\"caption\":\"Coltex\"},\"image\":{\"@id\":\"https:\\\/\\\/coltex.com.br\\\/site\\\/#\\\/schema\\\/logo\\\/image\\\/\"},\"sameAs\":[\"https:\\\/\\\/www.facebook.com\\\/coltextextil\",\"https:\\\/\\\/www.instagram.com\\\/coltextextil\",\"https:\\\/\\\/www.youtube.com\\\/@coltextextil\",\"https:\\\/\\\/www.linkedin.com\\\/company\\\/coltextextil\",\"https:\\\/\\\/br.pinterest.com\\\/coltextextil\"]}]}<\/script>\n<!-- \/ Yoast SEO plugin. -->","yoast_head_json":{"title":"Linha esportiva - Coltex","robots":{"index":"index","follow":"follow","max-snippet":"max-snippet:-1","max-image-preview":"max-image-preview:large","max-video-preview":"max-video-preview:-1"},"canonical":"https:\/\/coltex.com.br\/site\/linha-esportiva\/","og_locale":"pt_BR","og_type":"article","og_title":"Linha esportiva - Coltex","og_description":"Aqui Tecnologia \u00e9 Atitude Aqui, inova\u00e7\u00e3o \u00e9 parte da rotina.Nossa equipe de desenvolvimento trabalha lado a lado com marcas esportivas, studios e confec\u00e7\u00f5es para criar tecidos que traduzem prop\u00f3sito e performance \u2014 do treino \u00e0 rua, da moda funcional ao athleisure. Cores vibrantes, texturas din\u00e2micas e acabamentos tecnol\u00f3gicos fazem da Linha Esportiva Coltex o pontode [&hellip;]","og_url":"https:\/\/coltex.com.br\/site\/linha-esportiva\/","og_site_name":"Coltex","article_publisher":"https:\/\/www.facebook.com\/coltextextil","article_modified_time":"2026-04-29T21:30:50+00:00","og_image":[{"width":2560,"height":1961,"url":"https:\/\/coltex.com.br\/site\/wp-content\/uploads\/2025\/11\/DSC08340-scaled.jpg","type":"image\/jpeg"}],"twitter_card":"summary_large_image","twitter_misc":{"Est. tempo de leitura":"2 minutos"},"schema":{"@context":"https:\/\/schema.org","@graph":[{"@type":"WebPage","@id":"https:\/\/coltex.com.br\/site\/linha-esportiva\/","url":"https:\/\/coltex.com.br\/site\/linha-esportiva\/","name":"Linha esportiva - Coltex","isPartOf":{"@id":"https:\/\/coltex.com.br\/site\/#website"},"primaryImageOfPage":{"@id":"https:\/\/coltex.com.br\/site\/linha-esportiva\/#primaryimage"},"image":{"@id":"https:\/\/coltex.com.br\/site\/linha-esportiva\/#primaryimage"},"thumbnailUrl":"https:\/\/coltex.com.br\/site\/wp-content\/uploads\/2025\/11\/DSC08340-scaled.jpg","datePublished":"2025-11-07T14:02:34+00:00","dateModified":"2026-04-29T21:30:50+00:00","breadcrumb":{"@id":"https:\/\/coltex.com.br\/site\/linha-esportiva\/#breadcrumb"},"inLanguage":"pt-BR","potentialAction":[{"@type":"ReadAction","target":["https:\/\/coltex.com.br\/site\/linha-esportiva\/"]}]},{"@type":"ImageObject","inLanguage":"pt-BR","@id":"https:\/\/coltex.com.br\/site\/linha-esportiva\/#primaryimage","url":"https:\/\/coltex.com.br\/site\/wp-content\/uploads\/2025\/11\/DSC08340-scaled.jpg","contentUrl":"https:\/\/coltex.com.br\/site\/wp-content\/uploads\/2025\/11\/DSC08340-scaled.jpg","width":2560,"height":1961},{"@type":"BreadcrumbList","@id":"https:\/\/coltex.com.br\/site\/linha-esportiva\/#breadcrumb","itemListElement":[{"@type":"ListItem","position":1,"name":"In\u00edcio","item":"https:\/\/coltex.com.br\/site\/"},{"@type":"ListItem","position":2,"name":"Linha esportiva"}]},{"@type":"WebSite","@id":"https:\/\/coltex.com.br\/site\/#website","url":"https:\/\/coltex.com.br\/site\/","name":"Coltex","description":"","publisher":{"@id":"https:\/\/coltex.com.br\/site\/#organization"},"potentialAction":[{"@type":"SearchAction","target":{"@type":"EntryPoint","urlTemplate":"https:\/\/coltex.com.br\/site\/?s={search_term_string}"},"query-input":{"@type":"PropertyValueSpecification","valueRequired":true,"valueName":"search_term_string"}}],"inLanguage":"pt-BR"},{"@type":"Organization","@id":"https:\/\/coltex.com.br\/site\/#organization","name":"Coltex","url":"https:\/\/coltex.com.br\/site\/","logo":{"@type":"ImageObject","inLanguage":"pt-BR","@id":"https:\/\/coltex.com.br\/site\/#\/schema\/logo\/image\/","url":"https:\/\/coltex.com.br\/site\/wp-content\/uploads\/2025\/10\/logo-coltex-para-o-site-copiar.png","contentUrl":"https:\/\/coltex.com.br\/site\/wp-content\/uploads\/2025\/10\/logo-coltex-para-o-site-copiar.png","width":424,"height":135,"caption":"Coltex"},"image":{"@id":"https:\/\/coltex.com.br\/site\/#\/schema\/logo\/image\/"},"sameAs":["https:\/\/www.facebook.com\/coltextextil","https:\/\/www.instagram.com\/coltextextil","https:\/\/www.youtube.com\/@coltextextil","https:\/\/www.linkedin.com\/company\/coltextextil","https:\/\/br.pinterest.com\/coltextextil"]}]}},"_links":{"self":[{"href":"https:\/\/coltex.com.br\/site\/wp-json\/wp\/v2\/pages\/1250","targetHints":{"allow":["GET"]}}],"collection":[{"href":"https:\/\/coltex.com.br\/site\/wp-json\/wp\/v2\/pages"}],"about":[{"href":"https:\/\/coltex.com.br\/site\/wp-json\/wp\/v2\/types\/page"}],"author":[{"embeddable":true,"href":"https:\/\/coltex.com.br\/site\/wp-json\/wp\/v2\/users\/2"}],"replies":[{"embeddable":true,"href":"https:\/\/coltex.com.br\/site\/wp-json\/wp\/v2\/comments?post=1250"}],"version-history":[{"count":59,"href":"https:\/\/coltex.com.br\/site\/wp-json\/wp\/v2\/pages\/1250\/revisions"}],"predecessor-version":[{"id":3986,"href":"https:\/\/coltex.com.br\/site\/wp-json\/wp\/v2\/pages\/1250\/revisions\/3986"}],"wp:featuredmedia":[{"embeddable":true,"href":"https:\/\/coltex.com.br\/site\/wp-json\/wp\/v2\/media\/1272"}],"wp:attachment":[{"href":"https:\/\/coltex.com.br\/site\/wp-json\/wp\/v2\/media?parent=1250"}],"curies":[{"name":"wp","href":"https:\/\/api.w.org\/{rel}","templated":true}]}}