{"id":1343,"date":"2025-11-07T16:16:23","date_gmt":"2025-11-07T19:16:23","guid":{"rendered":"https:\/\/coltex.com.br\/site\/?page_id=1343"},"modified":"2026-01-09T16:56:15","modified_gmt":"2026-01-09T19:56:15","slug":"intimo","status":"publish","type":"page","link":"https:\/\/coltex.com.br\/site\/intimo\/","title":{"rendered":"Linha \u00cdntima"},"content":{"rendered":"\n<div class=\"wp-block-cover alignfull is-light has-parallax\" style=\"min-height:713px;aspect-ratio:unset;\"><div class=\"wp-block-cover__image-background wp-image-2108 size-full has-parallax\" style=\"background-position:50% 50%;background-image:url(https:\/\/coltex.com.br\/site\/wp-content\/uploads\/2026\/01\/IBIZA-11.jpg)\"><\/div><span aria-hidden=\"true\" class=\"wp-block-cover__background has-background-dim-0 has-background-dim\" style=\"background-color:#a6846d\"><\/span><div class=\"wp-block-cover__inner-container is-layout-flow wp-block-cover-is-layout-flow\">\n<div style=\"height:80px\" aria-hidden=\"true\" class=\"wp-block-spacer\"><\/div>\n\n\n\n<div class=\"wp-block-group has-global-padding is-layout-constrained wp-block-group-is-layout-constrained\"><\/div>\n\n\n\n<div style=\"height:92px\" aria-hidden=\"true\" class=\"wp-block-spacer\"><\/div>\n<\/div><\/div>\n\n\n\n<div style=\"height:5vh\" aria-hidden=\"true\" class=\"wp-block-spacer\"><\/div>\n\n\n\n<h2 class=\"wp-block-heading\">Conforto que abra\u00e7a. Tecnologia que transforma<\/h2>\n\n\n\n<p>A <strong>linha \u00edntima da Coltex T\u00eaxtil<\/strong> foi desenvolvida com foco em <strong>conforto, sensibilidade e performance<\/strong>, atendendo \u00e0s exig\u00eancias de um segmento que demanda cuidado em cada detalhe. Pensada para acompanhar o corpo ao longo do dia, a linha oferece tecidos com toque macio, excelente elasticidade e ajuste preciso, garantindo bem-estar sem abrir m\u00e3o da funcionalidade e da est\u00e9tica.<\/p>\n\n\n\n<div style=\"height:27px\" aria-hidden=\"true\" class=\"wp-block-spacer\"><\/div>\n\n\n\n<div class=\"wp-block-media-text is-stacked-on-mobile is-image-fill-element\" style=\"grid-template-columns:51% auto\"><figure class=\"wp-block-media-text__media\"><img loading=\"lazy\" decoding=\"async\" width=\"683\" height=\"1024\" src=\"https:\/\/coltex.com.br\/site\/wp-content\/uploads\/2025\/11\/000A7978-683x1024.jpg\" alt=\"\" class=\"wp-image-1345 size-full\" style=\"object-position:46% 56%\" srcset=\"https:\/\/coltex.com.br\/site\/wp-content\/uploads\/2025\/11\/000A7978-683x1024.jpg 683w, https:\/\/coltex.com.br\/site\/wp-content\/uploads\/2025\/11\/000A7978-200x300.jpg 200w, https:\/\/coltex.com.br\/site\/wp-content\/uploads\/2025\/11\/000A7978-768x1152.jpg 768w, https:\/\/coltex.com.br\/site\/wp-content\/uploads\/2025\/11\/000A7978-1024x1536.jpg 1024w, https:\/\/coltex.com.br\/site\/wp-content\/uploads\/2025\/11\/000A7978-1365x2048.jpg 1365w, https:\/\/coltex.com.br\/site\/wp-content\/uploads\/2025\/11\/000A7978-8x12.jpg 8w, https:\/\/coltex.com.br\/site\/wp-content\/uploads\/2025\/11\/000A7978-600x900.jpg 600w, https:\/\/coltex.com.br\/site\/wp-content\/uploads\/2025\/11\/000A7978-scaled.jpg 1707w\" sizes=\"auto, (max-width: 683px) 100vw, 683px\" \/><\/figure><div class=\"wp-block-media-text__content\">\n<h2 class=\"wp-block-heading\"><\/h2>\n\n\n\n<p>Com uma variedade de artigos que atendem desde pe\u00e7as b\u00e1sicas at\u00e9 propostas mais elaboradas, a linha \u00edntima da Coltex prioriza <strong>leveza, respirabilidade e durabilidade<\/strong>. Os tecidos apresentam \u00f3tima recupera\u00e7\u00e3o el\u00e1stica, estabilidade e resist\u00eancia, proporcionando seguran\u00e7a no uso cont\u00ednuo e mantendo a qualidade mesmo ap\u00f3s m\u00faltiplas lavagens.<\/p>\n\n\n\n<p><\/p>\n<\/div><\/div>\n\n\n\n<div style=\"height:39px\" aria-hidden=\"true\" class=\"wp-block-spacer\"><\/div>\n\n\n\n<div class=\"wp-block-group alignfull has-accent-background-background-color has-background has-global-padding is-layout-constrained wp-block-group-is-layout-constrained\">\n<div style=\"height:3vh\" aria-hidden=\"true\" class=\"wp-block-spacer\"><\/div>\n\n\n\n<div class=\"wp-block-media-text has-media-on-the-right is-stacked-on-mobile has-accent-background-background-color has-background\"><div class=\"wp-block-media-text__content\">\n<div class=\"wp-block-group has-global-padding is-content-justification-left is-layout-constrained wp-container-core-group-is-layout-a1a048bb wp-block-group-is-layout-constrained\">\n<h5 class=\"wp-block-heading\">Conhe\u00e7a um pouco da nossa <\/h5>\n\n\n\n<h2 class=\"wp-block-heading\">Linha \u00cdntima<\/h2>\n<\/div>\n\n\n\n<div style=\"height:10px\" aria-hidden=\"true\" class=\"wp-block-spacer\"><\/div>\n\n\n\n<p>Al\u00e9m disso, a Coltex investe em inova\u00e7\u00e3o t\u00eaxtil para entregar solu\u00e7\u00f5es que valorizam o conforto t\u00e9rmico, o caimento e a suavidade no contato com a pele. Essa aten\u00e7\u00e3o \u00e0s necessidades do consumidor final reflete o compromisso da Coltex T\u00eaxtil em desenvolver tecidos que unem <strong>tecnologia, qualidade e bem-estar<\/strong>, posicionando a linha \u00edntima como uma base essencial para marcas que buscam confian\u00e7a, versatilidade e excel\u00eancia em seus produtos.<\/p>\n\n\n\n<div style=\"height:20px\" aria-hidden=\"true\" class=\"wp-block-spacer\"><\/div>\n\n\n\n<hr class=\"wp-block-separator has-alpha-channel-opacity is-style-wide\"\/>\n\n\n\n<div style=\"height:50px\" aria-hidden=\"true\" class=\"wp-block-spacer\"><\/div>\n\n\n\n<div class=\"wp-block-columns is-layout-flex wp-container-core-columns-is-layout-28f84493 wp-block-columns-is-layout-flex\">\n<div class=\"wp-block-column is-layout-flow wp-block-column-is-layout-flow\">\n<div class=\"wp-block-group is-nowrap is-layout-flex wp-container-core-group-is-layout-f66f9956 wp-block-group-is-layout-flex\">\n<figure class=\"wp-block-image size-full is-resized\"><img decoding=\"async\" src=\"https:\/\/storage.googleapis.com\/agni_patterns_bucket\/everglow\/check-circled.png\" alt=\"\" class=\"wp-image-77\" style=\"width:40px;height:40px\"\/><\/figure>\n\n\n\n<div class=\"wp-block-group has-global-padding is-layout-constrained wp-container-core-group-is-layout-ccbb58b6 wp-block-group-is-layout-constrained\">\n<h5 class=\"wp-block-heading\">Siena<\/h5>\n\n\n\n<p class=\"has-small-font-size\"><\/p>\n<\/div>\n<\/div>\n<\/div>\n\n\n\n<div class=\"wp-block-column is-layout-flow wp-block-column-is-layout-flow\">\n<div class=\"wp-block-group is-nowrap is-layout-flex wp-container-core-group-is-layout-f66f9956 wp-block-group-is-layout-flex\">\n<figure class=\"wp-block-image size-full is-resized\"><img decoding=\"async\" src=\"https:\/\/storage.googleapis.com\/agni_patterns_bucket\/everglow\/check-circled.png\" alt=\"\" class=\"wp-image-77\" style=\"width:40px;height:40px\"\/><\/figure>\n\n\n\n<div class=\"wp-block-group has-global-padding is-layout-constrained wp-container-core-group-is-layout-ccbb58b6 wp-block-group-is-layout-constrained\">\n<h5 class=\"wp-block-heading\">Microflex<\/h5>\n\n\n\n<p class=\"has-small-font-size\"><\/p>\n<\/div>\n<\/div>\n<\/div>\n<\/div>\n\n\n\n<div class=\"wp-block-columns is-layout-flex wp-container-core-columns-is-layout-28f84493 wp-block-columns-is-layout-flex\">\n<div class=\"wp-block-column is-layout-flow wp-block-column-is-layout-flow\">\n<div class=\"wp-block-group is-nowrap is-layout-flex wp-container-core-group-is-layout-f66f9956 wp-block-group-is-layout-flex\">\n<figure class=\"wp-block-image size-full is-resized\"><img decoding=\"async\" src=\"https:\/\/storage.googleapis.com\/agni_patterns_bucket\/everglow\/check-circled.png\" alt=\"\" class=\"wp-image-77\" style=\"width:40px;height:40px\"\/><\/figure>\n\n\n\n<div class=\"wp-block-group has-global-padding is-layout-constrained wp-container-core-group-is-layout-ccbb58b6 wp-block-group-is-layout-constrained\">\n<h5 class=\"wp-block-heading\">Pli\u00ea<\/h5>\n\n\n\n<p class=\"has-small-font-size\"><\/p>\n<\/div>\n<\/div>\n<\/div>\n\n\n\n<div class=\"wp-block-column is-layout-flow wp-block-column-is-layout-flow\">\n<div class=\"wp-block-group is-nowrap is-layout-flex wp-container-core-group-is-layout-f66f9956 wp-block-group-is-layout-flex\">\n<figure class=\"wp-block-image size-full is-resized\"><img decoding=\"async\" src=\"https:\/\/storage.googleapis.com\/agni_patterns_bucket\/everglow\/check-circled.png\" alt=\"\" class=\"wp-image-77\" style=\"width:40px;height:40px\"\/><\/figure>\n\n\n\n<div class=\"wp-block-group has-global-padding is-layout-constrained wp-container-core-group-is-layout-ccbb58b6 wp-block-group-is-layout-constrained\">\n<h5 class=\"wp-block-heading\">Ibiza<\/h5>\n\n\n\n<p class=\"has-small-font-size\"><\/p>\n<\/div>\n<\/div>\n<\/div>\n<\/div>\n<\/div><figure class=\"wp-block-media-text__media\"><img loading=\"lazy\" decoding=\"async\" width=\"683\" height=\"1024\" src=\"https:\/\/coltex.com.br\/site\/wp-content\/uploads\/2026\/01\/MICROFLEX-6-683x1024.jpg\" alt=\"\" class=\"wp-image-2106 size-full\" srcset=\"https:\/\/coltex.com.br\/site\/wp-content\/uploads\/2026\/01\/MICROFLEX-6-683x1024.jpg 683w, https:\/\/coltex.com.br\/site\/wp-content\/uploads\/2026\/01\/MICROFLEX-6-200x300.jpg 200w, https:\/\/coltex.com.br\/site\/wp-content\/uploads\/2026\/01\/MICROFLEX-6-768x1152.jpg 768w, https:\/\/coltex.com.br\/site\/wp-content\/uploads\/2026\/01\/MICROFLEX-6-1024x1536.jpg 1024w, https:\/\/coltex.com.br\/site\/wp-content\/uploads\/2026\/01\/MICROFLEX-6-8x12.jpg 8w, https:\/\/coltex.com.br\/site\/wp-content\/uploads\/2026\/01\/MICROFLEX-6-600x900.jpg 600w, https:\/\/coltex.com.br\/site\/wp-content\/uploads\/2026\/01\/MICROFLEX-6.jpg 1152w\" sizes=\"auto, (max-width: 683px) 100vw, 683px\" \/><\/figure><\/div>\n\n\n\n<div style=\"height:3vh\" aria-hidden=\"true\" class=\"wp-block-spacer\"><\/div>\n<\/div>\n\n\n\n<div style=\"height:44px\" aria-hidden=\"true\" class=\"wp-block-spacer\"><\/div>\n\n\n\n<p class=\"has-text-align-center\"><strong>Quer conhecer mais nossa cole\u00e7\u00e3o?<\/strong><\/p>\n\n\n\n<h2 class=\"wp-block-heading has-text-align-center has-x-large-font-size\">Linha \u00edntima<\/h2>\n\n\n\n<div class=\"wp-block-buttons is-horizontal is-content-justification-center is-layout-flex wp-container-core-buttons-is-layout-03627597 wp-block-buttons-is-layout-flex\">\n<div class=\"wp-block-button has-custom-width wp-block-button__width-50\"><a class=\"wp-block-button__link has-text-color has-background wp-element-button\" href=\"https:\/\/api.whatsapp.com\/send\/?phone=5547992679400\" style=\"border-radius:50px;color:#ffffff;background-color:#000000\">Quero conhecer a linha completa<\/a><\/div>\n<\/div>\n\n\n\n<p><\/p>\n","protected":false},"excerpt":{"rendered":"<p>Conforto que abra\u00e7a. Tecnologia que transforma A linha \u00edntima da Coltex T\u00eaxtil foi desenvolvida com foco em conforto, sensibilidade e performance, atendendo \u00e0s exig\u00eancias de um segmento que demanda cuidado em cada detalhe. Pensada para acompanhar o corpo ao longo do dia, a linha oferece tecidos com toque macio, excelente elasticidade e ajuste preciso, garantindo [&hellip;]<\/p>\n","protected":false},"author":2,"featured_media":0,"parent":0,"menu_order":0,"comment_status":"closed","ping_status":"closed","template":"","meta":{"footnotes":""},"class_list":["post-1343","page","type-page","status-publish","hentry"],"yoast_head":"<!-- This site is optimized with the Yoast SEO plugin v27.5 - https:\/\/yoast.com\/product\/yoast-seo-wordpress\/ -->\n<title>Linha \u00cdntima - Coltex<\/title>\n<meta name=\"robots\" content=\"index, follow, max-snippet:-1, max-image-preview:large, max-video-preview:-1\" \/>\n<link rel=\"canonical\" href=\"https:\/\/coltex.com.br\/site\/intimo\/\" \/>\n<meta property=\"og:locale\" content=\"pt_BR\" \/>\n<meta property=\"og:type\" content=\"article\" \/>\n<meta property=\"og:title\" content=\"Linha \u00cdntima - Coltex\" \/>\n<meta property=\"og:description\" content=\"Conforto que abra\u00e7a. Tecnologia que transforma A linha \u00edntima da Coltex T\u00eaxtil foi desenvolvida com foco em conforto, sensibilidade e performance, atendendo \u00e0s exig\u00eancias de um segmento que demanda cuidado em cada detalhe. Pensada para acompanhar o corpo ao longo do dia, a linha oferece tecidos com toque macio, excelente elasticidade e ajuste preciso, garantindo [&hellip;]\" \/>\n<meta property=\"og:url\" content=\"https:\/\/coltex.com.br\/site\/intimo\/\" \/>\n<meta property=\"og:site_name\" content=\"Coltex\" \/>\n<meta property=\"article:publisher\" content=\"https:\/\/www.facebook.com\/coltextextil\" \/>\n<meta property=\"article:modified_time\" content=\"2026-01-09T19:56:15+00:00\" \/>\n<meta property=\"og:image\" content=\"https:\/\/coltex.com.br\/site\/wp-content\/uploads\/2025\/11\/000A7978-scaled.jpg\" \/>\n\t<meta property=\"og:image:width\" content=\"1707\" \/>\n\t<meta property=\"og:image:height\" content=\"2560\" \/>\n\t<meta property=\"og:image:type\" content=\"image\/jpeg\" \/>\n<meta name=\"twitter:card\" content=\"summary_large_image\" \/>\n<meta name=\"twitter:label1\" content=\"Est. tempo de leitura\" \/>\n\t<meta name=\"twitter:data1\" content=\"1 minuto\" \/>\n<script type=\"application\/ld+json\" class=\"yoast-schema-graph\">{\"@context\":\"https:\\\/\\\/schema.org\",\"@graph\":[{\"@type\":\"WebPage\",\"@id\":\"https:\\\/\\\/coltex.com.br\\\/site\\\/intimo\\\/\",\"url\":\"https:\\\/\\\/coltex.com.br\\\/site\\\/intimo\\\/\",\"name\":\"Linha \u00cdntima - Coltex\",\"isPartOf\":{\"@id\":\"https:\\\/\\\/coltex.com.br\\\/site\\\/#website\"},\"primaryImageOfPage\":{\"@id\":\"https:\\\/\\\/coltex.com.br\\\/site\\\/intimo\\\/#primaryimage\"},\"image\":{\"@id\":\"https:\\\/\\\/coltex.com.br\\\/site\\\/intimo\\\/#primaryimage\"},\"thumbnailUrl\":\"https:\\\/\\\/coltex.com.br\\\/site\\\/wp-content\\\/uploads\\\/2025\\\/11\\\/000A7978-683x1024.jpg\",\"datePublished\":\"2025-11-07T19:16:23+00:00\",\"dateModified\":\"2026-01-09T19:56:15+00:00\",\"breadcrumb\":{\"@id\":\"https:\\\/\\\/coltex.com.br\\\/site\\\/intimo\\\/#breadcrumb\"},\"inLanguage\":\"pt-BR\",\"potentialAction\":[{\"@type\":\"ReadAction\",\"target\":[\"https:\\\/\\\/coltex.com.br\\\/site\\\/intimo\\\/\"]}]},{\"@type\":\"ImageObject\",\"inLanguage\":\"pt-BR\",\"@id\":\"https:\\\/\\\/coltex.com.br\\\/site\\\/intimo\\\/#primaryimage\",\"url\":\"https:\\\/\\\/coltex.com.br\\\/site\\\/wp-content\\\/uploads\\\/2025\\\/11\\\/000A7978-scaled.jpg\",\"contentUrl\":\"https:\\\/\\\/coltex.com.br\\\/site\\\/wp-content\\\/uploads\\\/2025\\\/11\\\/000A7978-scaled.jpg\",\"width\":1707,\"height\":2560},{\"@type\":\"BreadcrumbList\",\"@id\":\"https:\\\/\\\/coltex.com.br\\\/site\\\/intimo\\\/#breadcrumb\",\"itemListElement\":[{\"@type\":\"ListItem\",\"position\":1,\"name\":\"In\u00edcio\",\"item\":\"https:\\\/\\\/coltex.com.br\\\/site\\\/\"},{\"@type\":\"ListItem\",\"position\":2,\"name\":\"Linha \u00cdntima\"}]},{\"@type\":\"WebSite\",\"@id\":\"https:\\\/\\\/coltex.com.br\\\/site\\\/#website\",\"url\":\"https:\\\/\\\/coltex.com.br\\\/site\\\/\",\"name\":\"Coltex\",\"description\":\"\",\"publisher\":{\"@id\":\"https:\\\/\\\/coltex.com.br\\\/site\\\/#organization\"},\"potentialAction\":[{\"@type\":\"SearchAction\",\"target\":{\"@type\":\"EntryPoint\",\"urlTemplate\":\"https:\\\/\\\/coltex.com.br\\\/site\\\/?s={search_term_string}\"},\"query-input\":{\"@type\":\"PropertyValueSpecification\",\"valueRequired\":true,\"valueName\":\"search_term_string\"}}],\"inLanguage\":\"pt-BR\"},{\"@type\":\"Organization\",\"@id\":\"https:\\\/\\\/coltex.com.br\\\/site\\\/#organization\",\"name\":\"Coltex\",\"url\":\"https:\\\/\\\/coltex.com.br\\\/site\\\/\",\"logo\":{\"@type\":\"ImageObject\",\"inLanguage\":\"pt-BR\",\"@id\":\"https:\\\/\\\/coltex.com.br\\\/site\\\/#\\\/schema\\\/logo\\\/image\\\/\",\"url\":\"https:\\\/\\\/coltex.com.br\\\/site\\\/wp-content\\\/uploads\\\/2025\\\/10\\\/logo-coltex-para-o-site-copiar.png\",\"contentUrl\":\"https:\\\/\\\/coltex.com.br\\\/site\\\/wp-content\\\/uploads\\\/2025\\\/10\\\/logo-coltex-para-o-site-copiar.png\",\"width\":424,\"height\":135,\"caption\":\"Coltex\"},\"image\":{\"@id\":\"https:\\\/\\\/coltex.com.br\\\/site\\\/#\\\/schema\\\/logo\\\/image\\\/\"},\"sameAs\":[\"https:\\\/\\\/www.facebook.com\\\/coltextextil\",\"https:\\\/\\\/www.instagram.com\\\/coltextextil\",\"https:\\\/\\\/www.youtube.com\\\/@coltextextil\",\"https:\\\/\\\/www.linkedin.com\\\/company\\\/coltextextil\",\"https:\\\/\\\/br.pinterest.com\\\/coltextextil\"]}]}<\/script>\n<!-- \/ Yoast SEO plugin. -->","yoast_head_json":{"title":"Linha \u00cdntima - Coltex","robots":{"index":"index","follow":"follow","max-snippet":"max-snippet:-1","max-image-preview":"max-image-preview:large","max-video-preview":"max-video-preview:-1"},"canonical":"https:\/\/coltex.com.br\/site\/intimo\/","og_locale":"pt_BR","og_type":"article","og_title":"Linha \u00cdntima - Coltex","og_description":"Conforto que abra\u00e7a. Tecnologia que transforma A linha \u00edntima da Coltex T\u00eaxtil foi desenvolvida com foco em conforto, sensibilidade e performance, atendendo \u00e0s exig\u00eancias de um segmento que demanda cuidado em cada detalhe. Pensada para acompanhar o corpo ao longo do dia, a linha oferece tecidos com toque macio, excelente elasticidade e ajuste preciso, garantindo [&hellip;]","og_url":"https:\/\/coltex.com.br\/site\/intimo\/","og_site_name":"Coltex","article_publisher":"https:\/\/www.facebook.com\/coltextextil","article_modified_time":"2026-01-09T19:56:15+00:00","og_image":[{"width":1707,"height":2560,"url":"https:\/\/coltex.com.br\/site\/wp-content\/uploads\/2025\/11\/000A7978-scaled.jpg","type":"image\/jpeg"}],"twitter_card":"summary_large_image","twitter_misc":{"Est. tempo de leitura":"1 minuto"},"schema":{"@context":"https:\/\/schema.org","@graph":[{"@type":"WebPage","@id":"https:\/\/coltex.com.br\/site\/intimo\/","url":"https:\/\/coltex.com.br\/site\/intimo\/","name":"Linha \u00cdntima - Coltex","isPartOf":{"@id":"https:\/\/coltex.com.br\/site\/#website"},"primaryImageOfPage":{"@id":"https:\/\/coltex.com.br\/site\/intimo\/#primaryimage"},"image":{"@id":"https:\/\/coltex.com.br\/site\/intimo\/#primaryimage"},"thumbnailUrl":"https:\/\/coltex.com.br\/site\/wp-content\/uploads\/2025\/11\/000A7978-683x1024.jpg","datePublished":"2025-11-07T19:16:23+00:00","dateModified":"2026-01-09T19:56:15+00:00","breadcrumb":{"@id":"https:\/\/coltex.com.br\/site\/intimo\/#breadcrumb"},"inLanguage":"pt-BR","potentialAction":[{"@type":"ReadAction","target":["https:\/\/coltex.com.br\/site\/intimo\/"]}]},{"@type":"ImageObject","inLanguage":"pt-BR","@id":"https:\/\/coltex.com.br\/site\/intimo\/#primaryimage","url":"https:\/\/coltex.com.br\/site\/wp-content\/uploads\/2025\/11\/000A7978-scaled.jpg","contentUrl":"https:\/\/coltex.com.br\/site\/wp-content\/uploads\/2025\/11\/000A7978-scaled.jpg","width":1707,"height":2560},{"@type":"BreadcrumbList","@id":"https:\/\/coltex.com.br\/site\/intimo\/#breadcrumb","itemListElement":[{"@type":"ListItem","position":1,"name":"In\u00edcio","item":"https:\/\/coltex.com.br\/site\/"},{"@type":"ListItem","position":2,"name":"Linha \u00cdntima"}]},{"@type":"WebSite","@id":"https:\/\/coltex.com.br\/site\/#website","url":"https:\/\/coltex.com.br\/site\/","name":"Coltex","description":"","publisher":{"@id":"https:\/\/coltex.com.br\/site\/#organization"},"potentialAction":[{"@type":"SearchAction","target":{"@type":"EntryPoint","urlTemplate":"https:\/\/coltex.com.br\/site\/?s={search_term_string}"},"query-input":{"@type":"PropertyValueSpecification","valueRequired":true,"valueName":"search_term_string"}}],"inLanguage":"pt-BR"},{"@type":"Organization","@id":"https:\/\/coltex.com.br\/site\/#organization","name":"Coltex","url":"https:\/\/coltex.com.br\/site\/","logo":{"@type":"ImageObject","inLanguage":"pt-BR","@id":"https:\/\/coltex.com.br\/site\/#\/schema\/logo\/image\/","url":"https:\/\/coltex.com.br\/site\/wp-content\/uploads\/2025\/10\/logo-coltex-para-o-site-copiar.png","contentUrl":"https:\/\/coltex.com.br\/site\/wp-content\/uploads\/2025\/10\/logo-coltex-para-o-site-copiar.png","width":424,"height":135,"caption":"Coltex"},"image":{"@id":"https:\/\/coltex.com.br\/site\/#\/schema\/logo\/image\/"},"sameAs":["https:\/\/www.facebook.com\/coltextextil","https:\/\/www.instagram.com\/coltextextil","https:\/\/www.youtube.com\/@coltextextil","https:\/\/www.linkedin.com\/company\/coltextextil","https:\/\/br.pinterest.com\/coltextextil"]}]}},"_links":{"self":[{"href":"https:\/\/coltex.com.br\/site\/wp-json\/wp\/v2\/pages\/1343","targetHints":{"allow":["GET"]}}],"collection":[{"href":"https:\/\/coltex.com.br\/site\/wp-json\/wp\/v2\/pages"}],"about":[{"href":"https:\/\/coltex.com.br\/site\/wp-json\/wp\/v2\/types\/page"}],"author":[{"embeddable":true,"href":"https:\/\/coltex.com.br\/site\/wp-json\/wp\/v2\/users\/2"}],"replies":[{"embeddable":true,"href":"https:\/\/coltex.com.br\/site\/wp-json\/wp\/v2\/comments?post=1343"}],"version-history":[{"count":13,"href":"https:\/\/coltex.com.br\/site\/wp-json\/wp\/v2\/pages\/1343\/revisions"}],"predecessor-version":[{"id":2136,"href":"https:\/\/coltex.com.br\/site\/wp-json\/wp\/v2\/pages\/1343\/revisions\/2136"}],"wp:attachment":[{"href":"https:\/\/coltex.com.br\/site\/wp-json\/wp\/v2\/media?parent=1343"}],"curies":[{"name":"wp","href":"https:\/\/api.w.org\/{rel}","templated":true}]}}