{"id":1353,"date":"2025-11-07T16:31:38","date_gmt":"2025-11-07T19:31:38","guid":{"rendered":"https:\/\/coltex.com.br\/site\/?page_id=1353"},"modified":"2026-01-09T15:21:52","modified_gmt":"2026-01-09T18:21:52","slug":"praia","status":"publish","type":"page","link":"https:\/\/coltex.com.br\/site\/praia\/","title":{"rendered":"Praia"},"content":{"rendered":"\n<div class=\"wp-block-cover alignfull is-light\" style=\"min-height:694px;aspect-ratio:unset;\"><img loading=\"lazy\" decoding=\"async\" width=\"683\" height=\"1024\" class=\"wp-block-cover__image-background wp-image-2094 size-large\" alt=\"\" src=\"https:\/\/coltex.com.br\/site\/wp-content\/uploads\/2026\/01\/RIVIERA-3-Copia-683x1024.jpg\" data-object-fit=\"cover\" srcset=\"https:\/\/coltex.com.br\/site\/wp-content\/uploads\/2026\/01\/RIVIERA-3-Copia-683x1024.jpg 683w, https:\/\/coltex.com.br\/site\/wp-content\/uploads\/2026\/01\/RIVIERA-3-Copia-200x300.jpg 200w, https:\/\/coltex.com.br\/site\/wp-content\/uploads\/2026\/01\/RIVIERA-3-Copia-768x1152.jpg 768w, https:\/\/coltex.com.br\/site\/wp-content\/uploads\/2026\/01\/RIVIERA-3-Copia-8x12.jpg 8w, https:\/\/coltex.com.br\/site\/wp-content\/uploads\/2026\/01\/RIVIERA-3-Copia-600x900.jpg 600w, https:\/\/coltex.com.br\/site\/wp-content\/uploads\/2026\/01\/RIVIERA-3-Copia.jpg 914w\" sizes=\"auto, (max-width: 683px) 100vw, 683px\" \/><span aria-hidden=\"true\" class=\"wp-block-cover__background has-background-dim-0 has-background-dim\" style=\"background-color:#b99276\"><\/span><div class=\"wp-block-cover__inner-container is-layout-flow wp-block-cover-is-layout-flow\">\n<div style=\"height:10vh\" aria-hidden=\"true\" class=\"wp-block-spacer\"><\/div>\n\n\n\n<div style=\"height:10vh\" aria-hidden=\"true\" class=\"wp-block-spacer\"><\/div>\n<\/div><\/div>\n\n\n\n<div style=\"height:5vh\" aria-hidden=\"true\" class=\"wp-block-spacer\"><\/div>\n\n\n\n<h2 class=\"wp-block-heading\">Moda Praia<\/h2>\n\n\n\n<p>A <strong>linha de tecidos para moda praia da Coltex T\u00eaxtil<\/strong> foi desenvolvida para atender \u00e0 diversidade e \u00e0 criatividade desse segmento, oferecendo uma ampla variedade de solu\u00e7\u00f5es que aliam <strong>qualidade, tecnologia e design<\/strong>. Pensada para marcas que buscam desempenho e est\u00e9tica em equil\u00edbrio, a linha contempla desde tecidos <strong>b\u00e1sicos<\/strong>, ideais para pe\u00e7as atemporais, at\u00e9 op\u00e7\u00f5es com <strong>reten\u00e7\u00e3o e maior sustenta\u00e7\u00e3o<\/strong>, que valorizam o caimento e garantem conforto e seguran\u00e7a ao vestir.<\/p>\n\n\n\n<div style=\"height:27px\" aria-hidden=\"true\" class=\"wp-block-spacer\"><\/div>\n\n\n\n<div class=\"wp-block-media-text is-stacked-on-mobile\"><figure class=\"wp-block-media-text__media\"><img loading=\"lazy\" decoding=\"async\" width=\"655\" height=\"983\" src=\"https:\/\/coltex.com.br\/site\/wp-content\/uploads\/2026\/01\/Facetune_18-05-2025-22-52-08.jpg\" alt=\"\" class=\"wp-image-2091 size-full\" srcset=\"https:\/\/coltex.com.br\/site\/wp-content\/uploads\/2026\/01\/Facetune_18-05-2025-22-52-08.jpg 655w, https:\/\/coltex.com.br\/site\/wp-content\/uploads\/2026\/01\/Facetune_18-05-2025-22-52-08-200x300.jpg 200w, https:\/\/coltex.com.br\/site\/wp-content\/uploads\/2026\/01\/Facetune_18-05-2025-22-52-08-8x12.jpg 8w, https:\/\/coltex.com.br\/site\/wp-content\/uploads\/2026\/01\/Facetune_18-05-2025-22-52-08-600x900.jpg 600w\" sizes=\"auto, (max-width: 655px) 100vw, 655px\" \/><\/figure><div class=\"wp-block-media-text__content\">\n<h2 class=\"wp-block-heading\"><\/h2>\n\n\n\n<p>Al\u00e9m disso, a Coltex apresenta uma rica sele\u00e7\u00e3o de <strong>tecidos estampados<\/strong>, com excelente defini\u00e7\u00e3o de cores e durabilidade, permitindo cria\u00e7\u00f5es modernas, autorais e alinhadas \u00e0s tend\u00eancias da moda. A linha tamb\u00e9m inclui artigos com <strong>prote\u00e7\u00e3o UV<\/strong>, um atributo essencial para a moda praia contempor\u00e2nea, que agrega valor ao produto e refor\u00e7a o cuidado com o bem-estar do consumidor final.<\/p>\n<\/div><\/div>\n\n\n\n<div style=\"height:7vh\" aria-hidden=\"true\" class=\"wp-block-spacer\"><\/div>\n\n\n\n<h2 class=\"wp-block-heading has-text-align-center has-x-large-font-size\">Conhe\u00e7a nossa Linha Praia<\/h2>\n\n\n\n<p>O grande diferencial da linha de moda praia da Coltex est\u00e1 na combina\u00e7\u00e3o entre <strong>versatilidade, performance e inova\u00e7\u00e3o t\u00eaxtil<\/strong>. Tecidos com toque agrad\u00e1vel, elasticidade controlada, alta resist\u00eancia ao cloro e \u00e0 \u00e1gua salgada, al\u00e9m de \u00f3tima recupera\u00e7\u00e3o e durabilidade, garantem pe\u00e7as que mant\u00eam sua qualidade mesmo ap\u00f3s o uso intenso. Com essa linha, a Coltex T\u00eaxtil se posiciona como parceira estrat\u00e9gica das marcas, oferecendo solu\u00e7\u00f5es completas que transformam tecido em valor, estilo e confian\u00e7a para a moda praia.<\/p>\n\n\n\n<div style=\"height:5vh\" aria-hidden=\"true\" class=\"wp-block-spacer\"><\/div>\n\n\n\n<div class=\"wp-block-media-text has-media-on-the-right is-stacked-on-mobile\"><div class=\"wp-block-media-text__content\">\n<div class=\"wp-block-group has-global-padding is-content-justification-left is-layout-constrained wp-container-core-group-is-layout-a1a048bb wp-block-group-is-layout-constrained\">\n<h5 class=\"wp-block-heading\">Conhe\u00e7a um pouco da nossa <\/h5>\n\n\n\n<h2 class=\"wp-block-heading\">Linha Praia<\/h2>\n<\/div>\n\n\n\n<div style=\"height:10px\" aria-hidden=\"true\" class=\"wp-block-spacer\"><\/div>\n\n\n\n<p>A <strong>linha de tecidos para moda praia da Coltex T\u00eaxtil<\/strong> foi desenvolvida com um olhar atento \u00e0s necessidades do mercado e \u00e0s expectativas do consumidor atual. Nossa linha se destaca pela <strong>ampla variedade de artigos<\/strong>, que vai dos tecidos b\u00e1sicos aos de maior reten\u00e7\u00e3o, estampados e com prote\u00e7\u00e3o UV, oferecendo liberdade criativa para diferentes estilos, modelagens e propostas de cole\u00e7\u00e3o.<\/p>\n\n\n\n<div style=\"height:20px\" aria-hidden=\"true\" class=\"wp-block-spacer\"><\/div>\n\n\n\n<hr class=\"wp-block-separator has-alpha-channel-opacity is-style-wide\"\/>\n\n\n\n<div style=\"height:50px\" aria-hidden=\"true\" class=\"wp-block-spacer\"><\/div>\n\n\n\n<div class=\"wp-block-columns is-layout-flex wp-container-core-columns-is-layout-28f84493 wp-block-columns-is-layout-flex\">\n<div class=\"wp-block-column is-layout-flow wp-block-column-is-layout-flow\">\n<div class=\"wp-block-group is-nowrap is-layout-flex wp-container-core-group-is-layout-f66f9956 wp-block-group-is-layout-flex\">\n<figure class=\"wp-block-image size-full is-resized\"><img decoding=\"async\" src=\"https:\/\/storage.googleapis.com\/agni_patterns_bucket\/everglow\/check-circled.png\" alt=\"\" class=\"wp-image-77\" style=\"width:40px;height:40px\"\/><\/figure>\n\n\n\n<div class=\"wp-block-group has-global-padding is-layout-constrained wp-container-core-group-is-layout-ccbb58b6 wp-block-group-is-layout-constrained\">\n<h5 class=\"wp-block-heading\">Campeche<\/h5>\n\n\n\n<p class=\"has-small-font-size\"><\/p>\n<\/div>\n<\/div>\n<\/div>\n\n\n\n<div class=\"wp-block-column is-layout-flow wp-block-column-is-layout-flow\">\n<div class=\"wp-block-group is-nowrap is-layout-flex wp-container-core-group-is-layout-f66f9956 wp-block-group-is-layout-flex\">\n<figure class=\"wp-block-image size-full is-resized\"><img decoding=\"async\" src=\"https:\/\/storage.googleapis.com\/agni_patterns_bucket\/everglow\/check-circled.png\" alt=\"\" class=\"wp-image-77\" style=\"width:40px;height:40px\"\/><\/figure>\n\n\n\n<div class=\"wp-block-group has-global-padding is-layout-constrained wp-container-core-group-is-layout-ccbb58b6 wp-block-group-is-layout-constrained\">\n<h5 class=\"wp-block-heading\">Salinas<\/h5>\n\n\n\n<p class=\"has-small-font-size\"><\/p>\n<\/div>\n<\/div>\n<\/div>\n<\/div>\n\n\n\n<div class=\"wp-block-columns is-layout-flex wp-container-core-columns-is-layout-28f84493 wp-block-columns-is-layout-flex\">\n<div class=\"wp-block-column is-layout-flow wp-block-column-is-layout-flow\">\n<div class=\"wp-block-group is-nowrap is-layout-flex wp-container-core-group-is-layout-f66f9956 wp-block-group-is-layout-flex\">\n<figure class=\"wp-block-image size-full is-resized\"><img decoding=\"async\" src=\"https:\/\/storage.googleapis.com\/agni_patterns_bucket\/everglow\/check-circled.png\" alt=\"\" class=\"wp-image-77\" style=\"width:40px;height:40px\"\/><\/figure>\n\n\n\n<div class=\"wp-block-group has-global-padding is-layout-constrained wp-container-core-group-is-layout-ccbb58b6 wp-block-group-is-layout-constrained\">\n<h5 class=\"wp-block-heading\">Lumina<\/h5>\n\n\n\n<p class=\"has-small-font-size\"><\/p>\n<\/div>\n<\/div>\n<\/div>\n\n\n\n<div class=\"wp-block-column is-layout-flow wp-block-column-is-layout-flow\">\n<div class=\"wp-block-group is-nowrap is-layout-flex wp-container-core-group-is-layout-f66f9956 wp-block-group-is-layout-flex\">\n<figure class=\"wp-block-image size-full is-resized\"><img decoding=\"async\" src=\"https:\/\/storage.googleapis.com\/agni_patterns_bucket\/everglow\/check-circled.png\" alt=\"\" class=\"wp-image-77\" style=\"width:40px;height:40px\"\/><\/figure>\n\n\n\n<div class=\"wp-block-group has-global-padding is-layout-constrained wp-container-core-group-is-layout-ccbb58b6 wp-block-group-is-layout-constrained\">\n<h5 class=\"wp-block-heading\">Dunas<\/h5>\n\n\n\n<p class=\"has-small-font-size\"><\/p>\n<\/div>\n<\/div>\n<\/div>\n<\/div>\n<\/div><figure class=\"wp-block-media-text__media\"><img loading=\"lazy\" decoding=\"async\" width=\"683\" height=\"1024\" src=\"https:\/\/coltex.com.br\/site\/wp-content\/uploads\/2025\/11\/DSC09006-683x1024.jpg\" alt=\"\" class=\"wp-image-1365 size-full\" srcset=\"https:\/\/coltex.com.br\/site\/wp-content\/uploads\/2025\/11\/DSC09006-683x1024.jpg 683w, https:\/\/coltex.com.br\/site\/wp-content\/uploads\/2025\/11\/DSC09006-200x300.jpg 200w, https:\/\/coltex.com.br\/site\/wp-content\/uploads\/2025\/11\/DSC09006-768x1152.jpg 768w, https:\/\/coltex.com.br\/site\/wp-content\/uploads\/2025\/11\/DSC09006-1024x1536.jpg 1024w, https:\/\/coltex.com.br\/site\/wp-content\/uploads\/2025\/11\/DSC09006-1365x2048.jpg 1365w, https:\/\/coltex.com.br\/site\/wp-content\/uploads\/2025\/11\/DSC09006-8x12.jpg 8w, https:\/\/coltex.com.br\/site\/wp-content\/uploads\/2025\/11\/DSC09006-600x900.jpg 600w, https:\/\/coltex.com.br\/site\/wp-content\/uploads\/2025\/11\/DSC09006-scaled.jpg 1707w\" sizes=\"auto, (max-width: 683px) 100vw, 683px\" \/><\/figure><\/div>\n\n\n\n<div style=\"height:3vh\" aria-hidden=\"true\" class=\"wp-block-spacer\"><\/div>\n\n\n\n<p class=\"has-text-align-center\"><strong>Quer conhecer mais nossa cole\u00e7\u00e3o?<\/strong><\/p>\n\n\n\n<h2 class=\"wp-block-heading has-text-align-center has-x-large-font-size\">Linha praia<\/h2>\n\n\n\n<div class=\"wp-block-buttons is-horizontal is-content-justification-center is-layout-flex wp-container-core-buttons-is-layout-03627597 wp-block-buttons-is-layout-flex\">\n<div class=\"wp-block-button has-custom-width wp-block-button__width-50\"><a class=\"wp-block-button__link has-text-color has-background wp-element-button\" style=\"border-radius:50px;color:#ffffff;background-color:#000000\">Quero conhecer a linha completa<\/a><\/div>\n<\/div>\n","protected":false},"excerpt":{"rendered":"<p>Moda Praia A linha de tecidos para moda praia da Coltex T\u00eaxtil foi desenvolvida para atender \u00e0 diversidade e \u00e0 criatividade desse segmento, oferecendo uma ampla variedade de solu\u00e7\u00f5es que aliam qualidade, tecnologia e design. Pensada para marcas que buscam desempenho e est\u00e9tica em equil\u00edbrio, a linha contempla desde tecidos b\u00e1sicos, ideais para pe\u00e7as atemporais, [&hellip;]<\/p>\n","protected":false},"author":2,"featured_media":0,"parent":0,"menu_order":0,"comment_status":"closed","ping_status":"closed","template":"","meta":{"footnotes":""},"class_list":["post-1353","page","type-page","status-publish","hentry"],"yoast_head":"<!-- This site is optimized with the Yoast SEO plugin v27.5 - https:\/\/yoast.com\/product\/yoast-seo-wordpress\/ -->\n<title>Praia - Coltex<\/title>\n<meta name=\"robots\" content=\"index, follow, max-snippet:-1, max-image-preview:large, max-video-preview:-1\" \/>\n<link rel=\"canonical\" href=\"https:\/\/coltex.com.br\/site\/praia\/\" \/>\n<meta property=\"og:locale\" content=\"pt_BR\" \/>\n<meta property=\"og:type\" content=\"article\" \/>\n<meta property=\"og:title\" content=\"Praia - Coltex\" \/>\n<meta property=\"og:description\" content=\"Moda Praia A linha de tecidos para moda praia da Coltex T\u00eaxtil foi desenvolvida para atender \u00e0 diversidade e \u00e0 criatividade desse segmento, oferecendo uma ampla variedade de solu\u00e7\u00f5es que aliam qualidade, tecnologia e design. Pensada para marcas que buscam desempenho e est\u00e9tica em equil\u00edbrio, a linha contempla desde tecidos b\u00e1sicos, ideais para pe\u00e7as atemporais, [&hellip;]\" \/>\n<meta property=\"og:url\" content=\"https:\/\/coltex.com.br\/site\/praia\/\" \/>\n<meta property=\"og:site_name\" content=\"Coltex\" \/>\n<meta property=\"article:publisher\" content=\"https:\/\/www.facebook.com\/coltextextil\" \/>\n<meta property=\"article:modified_time\" content=\"2026-01-09T18:21:52+00:00\" \/>\n<meta property=\"og:image\" content=\"https:\/\/coltex.com.br\/site\/wp-content\/uploads\/2026\/01\/RIVIERA-3-Copia.jpg\" \/>\n\t<meta property=\"og:image:width\" content=\"914\" \/>\n\t<meta property=\"og:image:height\" content=\"1371\" \/>\n\t<meta property=\"og:image:type\" content=\"image\/jpeg\" \/>\n<meta name=\"twitter:card\" content=\"summary_large_image\" \/>\n<meta name=\"twitter:label1\" content=\"Est. tempo de leitura\" \/>\n\t<meta name=\"twitter:data1\" content=\"2 minutos\" \/>\n<script type=\"application\/ld+json\" class=\"yoast-schema-graph\">{\"@context\":\"https:\\\/\\\/schema.org\",\"@graph\":[{\"@type\":\"WebPage\",\"@id\":\"https:\\\/\\\/coltex.com.br\\\/site\\\/praia\\\/\",\"url\":\"https:\\\/\\\/coltex.com.br\\\/site\\\/praia\\\/\",\"name\":\"Praia - Coltex\",\"isPartOf\":{\"@id\":\"https:\\\/\\\/coltex.com.br\\\/site\\\/#website\"},\"primaryImageOfPage\":{\"@id\":\"https:\\\/\\\/coltex.com.br\\\/site\\\/praia\\\/#primaryimage\"},\"image\":{\"@id\":\"https:\\\/\\\/coltex.com.br\\\/site\\\/praia\\\/#primaryimage\"},\"thumbnailUrl\":\"https:\\\/\\\/coltex.com.br\\\/site\\\/wp-content\\\/uploads\\\/2026\\\/01\\\/RIVIERA-3-Copia-683x1024.jpg\",\"datePublished\":\"2025-11-07T19:31:38+00:00\",\"dateModified\":\"2026-01-09T18:21:52+00:00\",\"breadcrumb\":{\"@id\":\"https:\\\/\\\/coltex.com.br\\\/site\\\/praia\\\/#breadcrumb\"},\"inLanguage\":\"pt-BR\",\"potentialAction\":[{\"@type\":\"ReadAction\",\"target\":[\"https:\\\/\\\/coltex.com.br\\\/site\\\/praia\\\/\"]}]},{\"@type\":\"ImageObject\",\"inLanguage\":\"pt-BR\",\"@id\":\"https:\\\/\\\/coltex.com.br\\\/site\\\/praia\\\/#primaryimage\",\"url\":\"https:\\\/\\\/coltex.com.br\\\/site\\\/wp-content\\\/uploads\\\/2026\\\/01\\\/RIVIERA-3-Copia.jpg\",\"contentUrl\":\"https:\\\/\\\/coltex.com.br\\\/site\\\/wp-content\\\/uploads\\\/2026\\\/01\\\/RIVIERA-3-Copia.jpg\",\"width\":914,\"height\":1371},{\"@type\":\"BreadcrumbList\",\"@id\":\"https:\\\/\\\/coltex.com.br\\\/site\\\/praia\\\/#breadcrumb\",\"itemListElement\":[{\"@type\":\"ListItem\",\"position\":1,\"name\":\"In\u00edcio\",\"item\":\"https:\\\/\\\/coltex.com.br\\\/site\\\/\"},{\"@type\":\"ListItem\",\"position\":2,\"name\":\"Praia\"}]},{\"@type\":\"WebSite\",\"@id\":\"https:\\\/\\\/coltex.com.br\\\/site\\\/#website\",\"url\":\"https:\\\/\\\/coltex.com.br\\\/site\\\/\",\"name\":\"Coltex\",\"description\":\"\",\"publisher\":{\"@id\":\"https:\\\/\\\/coltex.com.br\\\/site\\\/#organization\"},\"potentialAction\":[{\"@type\":\"SearchAction\",\"target\":{\"@type\":\"EntryPoint\",\"urlTemplate\":\"https:\\\/\\\/coltex.com.br\\\/site\\\/?s={search_term_string}\"},\"query-input\":{\"@type\":\"PropertyValueSpecification\",\"valueRequired\":true,\"valueName\":\"search_term_string\"}}],\"inLanguage\":\"pt-BR\"},{\"@type\":\"Organization\",\"@id\":\"https:\\\/\\\/coltex.com.br\\\/site\\\/#organization\",\"name\":\"Coltex\",\"url\":\"https:\\\/\\\/coltex.com.br\\\/site\\\/\",\"logo\":{\"@type\":\"ImageObject\",\"inLanguage\":\"pt-BR\",\"@id\":\"https:\\\/\\\/coltex.com.br\\\/site\\\/#\\\/schema\\\/logo\\\/image\\\/\",\"url\":\"https:\\\/\\\/coltex.com.br\\\/site\\\/wp-content\\\/uploads\\\/2025\\\/10\\\/logo-coltex-para-o-site-copiar.png\",\"contentUrl\":\"https:\\\/\\\/coltex.com.br\\\/site\\\/wp-content\\\/uploads\\\/2025\\\/10\\\/logo-coltex-para-o-site-copiar.png\",\"width\":424,\"height\":135,\"caption\":\"Coltex\"},\"image\":{\"@id\":\"https:\\\/\\\/coltex.com.br\\\/site\\\/#\\\/schema\\\/logo\\\/image\\\/\"},\"sameAs\":[\"https:\\\/\\\/www.facebook.com\\\/coltextextil\",\"https:\\\/\\\/www.instagram.com\\\/coltextextil\",\"https:\\\/\\\/www.youtube.com\\\/@coltextextil\",\"https:\\\/\\\/www.linkedin.com\\\/company\\\/coltextextil\",\"https:\\\/\\\/br.pinterest.com\\\/coltextextil\"]}]}<\/script>\n<!-- \/ Yoast SEO plugin. -->","yoast_head_json":{"title":"Praia - Coltex","robots":{"index":"index","follow":"follow","max-snippet":"max-snippet:-1","max-image-preview":"max-image-preview:large","max-video-preview":"max-video-preview:-1"},"canonical":"https:\/\/coltex.com.br\/site\/praia\/","og_locale":"pt_BR","og_type":"article","og_title":"Praia - Coltex","og_description":"Moda Praia A linha de tecidos para moda praia da Coltex T\u00eaxtil foi desenvolvida para atender \u00e0 diversidade e \u00e0 criatividade desse segmento, oferecendo uma ampla variedade de solu\u00e7\u00f5es que aliam qualidade, tecnologia e design. Pensada para marcas que buscam desempenho e est\u00e9tica em equil\u00edbrio, a linha contempla desde tecidos b\u00e1sicos, ideais para pe\u00e7as atemporais, [&hellip;]","og_url":"https:\/\/coltex.com.br\/site\/praia\/","og_site_name":"Coltex","article_publisher":"https:\/\/www.facebook.com\/coltextextil","article_modified_time":"2026-01-09T18:21:52+00:00","og_image":[{"width":914,"height":1371,"url":"https:\/\/coltex.com.br\/site\/wp-content\/uploads\/2026\/01\/RIVIERA-3-Copia.jpg","type":"image\/jpeg"}],"twitter_card":"summary_large_image","twitter_misc":{"Est. tempo de leitura":"2 minutos"},"schema":{"@context":"https:\/\/schema.org","@graph":[{"@type":"WebPage","@id":"https:\/\/coltex.com.br\/site\/praia\/","url":"https:\/\/coltex.com.br\/site\/praia\/","name":"Praia - Coltex","isPartOf":{"@id":"https:\/\/coltex.com.br\/site\/#website"},"primaryImageOfPage":{"@id":"https:\/\/coltex.com.br\/site\/praia\/#primaryimage"},"image":{"@id":"https:\/\/coltex.com.br\/site\/praia\/#primaryimage"},"thumbnailUrl":"https:\/\/coltex.com.br\/site\/wp-content\/uploads\/2026\/01\/RIVIERA-3-Copia-683x1024.jpg","datePublished":"2025-11-07T19:31:38+00:00","dateModified":"2026-01-09T18:21:52+00:00","breadcrumb":{"@id":"https:\/\/coltex.com.br\/site\/praia\/#breadcrumb"},"inLanguage":"pt-BR","potentialAction":[{"@type":"ReadAction","target":["https:\/\/coltex.com.br\/site\/praia\/"]}]},{"@type":"ImageObject","inLanguage":"pt-BR","@id":"https:\/\/coltex.com.br\/site\/praia\/#primaryimage","url":"https:\/\/coltex.com.br\/site\/wp-content\/uploads\/2026\/01\/RIVIERA-3-Copia.jpg","contentUrl":"https:\/\/coltex.com.br\/site\/wp-content\/uploads\/2026\/01\/RIVIERA-3-Copia.jpg","width":914,"height":1371},{"@type":"BreadcrumbList","@id":"https:\/\/coltex.com.br\/site\/praia\/#breadcrumb","itemListElement":[{"@type":"ListItem","position":1,"name":"In\u00edcio","item":"https:\/\/coltex.com.br\/site\/"},{"@type":"ListItem","position":2,"name":"Praia"}]},{"@type":"WebSite","@id":"https:\/\/coltex.com.br\/site\/#website","url":"https:\/\/coltex.com.br\/site\/","name":"Coltex","description":"","publisher":{"@id":"https:\/\/coltex.com.br\/site\/#organization"},"potentialAction":[{"@type":"SearchAction","target":{"@type":"EntryPoint","urlTemplate":"https:\/\/coltex.com.br\/site\/?s={search_term_string}"},"query-input":{"@type":"PropertyValueSpecification","valueRequired":true,"valueName":"search_term_string"}}],"inLanguage":"pt-BR"},{"@type":"Organization","@id":"https:\/\/coltex.com.br\/site\/#organization","name":"Coltex","url":"https:\/\/coltex.com.br\/site\/","logo":{"@type":"ImageObject","inLanguage":"pt-BR","@id":"https:\/\/coltex.com.br\/site\/#\/schema\/logo\/image\/","url":"https:\/\/coltex.com.br\/site\/wp-content\/uploads\/2025\/10\/logo-coltex-para-o-site-copiar.png","contentUrl":"https:\/\/coltex.com.br\/site\/wp-content\/uploads\/2025\/10\/logo-coltex-para-o-site-copiar.png","width":424,"height":135,"caption":"Coltex"},"image":{"@id":"https:\/\/coltex.com.br\/site\/#\/schema\/logo\/image\/"},"sameAs":["https:\/\/www.facebook.com\/coltextextil","https:\/\/www.instagram.com\/coltextextil","https:\/\/www.youtube.com\/@coltextextil","https:\/\/www.linkedin.com\/company\/coltextextil","https:\/\/br.pinterest.com\/coltextextil"]}]}},"_links":{"self":[{"href":"https:\/\/coltex.com.br\/site\/wp-json\/wp\/v2\/pages\/1353","targetHints":{"allow":["GET"]}}],"collection":[{"href":"https:\/\/coltex.com.br\/site\/wp-json\/wp\/v2\/pages"}],"about":[{"href":"https:\/\/coltex.com.br\/site\/wp-json\/wp\/v2\/types\/page"}],"author":[{"embeddable":true,"href":"https:\/\/coltex.com.br\/site\/wp-json\/wp\/v2\/users\/2"}],"replies":[{"embeddable":true,"href":"https:\/\/coltex.com.br\/site\/wp-json\/wp\/v2\/comments?post=1353"}],"version-history":[{"count":3,"href":"https:\/\/coltex.com.br\/site\/wp-json\/wp\/v2\/pages\/1353\/revisions"}],"predecessor-version":[{"id":2098,"href":"https:\/\/coltex.com.br\/site\/wp-json\/wp\/v2\/pages\/1353\/revisions\/2098"}],"wp:attachment":[{"href":"https:\/\/coltex.com.br\/site\/wp-json\/wp\/v2\/media?parent=1353"}],"curies":[{"name":"wp","href":"https:\/\/api.w.org\/{rel}","templated":true}]}}