{"id":1372,"date":"2025-11-07T16:37:32","date_gmt":"2025-11-07T19:37:32","guid":{"rendered":"https:\/\/coltex.com.br\/site\/?page_id=1372"},"modified":"2026-01-09T15:10:15","modified_gmt":"2026-01-09T18:10:15","slug":"modeladores","status":"publish","type":"page","link":"https:\/\/coltex.com.br\/site\/modeladores\/","title":{"rendered":"Modeladores"},"content":{"rendered":"\n<div class=\"wp-block-cover alignfull is-light\" style=\"min-height:799px;aspect-ratio:unset;\"><img loading=\"lazy\" decoding=\"async\" width=\"610\" height=\"1024\" class=\"wp-block-cover__image-background wp-image-2052 size-large\" alt=\"\" src=\"https:\/\/coltex.com.br\/site\/wp-content\/uploads\/2026\/01\/basic-copiar-610x1024.jpg\" data-object-fit=\"cover\" srcset=\"https:\/\/coltex.com.br\/site\/wp-content\/uploads\/2026\/01\/basic-copiar-610x1024.jpg 610w, https:\/\/coltex.com.br\/site\/wp-content\/uploads\/2026\/01\/basic-copiar-179x300.jpg 179w, https:\/\/coltex.com.br\/site\/wp-content\/uploads\/2026\/01\/basic-copiar-768x1289.jpg 768w, https:\/\/coltex.com.br\/site\/wp-content\/uploads\/2026\/01\/basic-copiar-915x1536.jpg 915w, https:\/\/coltex.com.br\/site\/wp-content\/uploads\/2026\/01\/basic-copiar-1220x2048.jpg 1220w, https:\/\/coltex.com.br\/site\/wp-content\/uploads\/2026\/01\/basic-copiar-7x12.jpg 7w, https:\/\/coltex.com.br\/site\/wp-content\/uploads\/2026\/01\/basic-copiar-600x1007.jpg 600w, https:\/\/coltex.com.br\/site\/wp-content\/uploads\/2026\/01\/basic-copiar-scaled.jpg 1525w\" sizes=\"auto, (max-width: 610px) 100vw, 610px\" \/><span aria-hidden=\"true\" class=\"wp-block-cover__background has-background-dim-0 has-background-dim\" style=\"background-color:#a6998d\"><\/span><div class=\"wp-block-cover__inner-container is-layout-flow wp-block-cover-is-layout-flow\">\n<div style=\"height:10vh\" aria-hidden=\"true\" class=\"wp-block-spacer\"><\/div>\n\n\n\n<div class=\"wp-block-group has-global-padding is-layout-constrained wp-block-group-is-layout-constrained\"><\/div>\n\n\n\n<div style=\"height:10vh\" aria-hidden=\"true\" class=\"wp-block-spacer\"><\/div>\n<\/div><\/div>\n\n\n\n<div style=\"height:42px\" aria-hidden=\"true\" class=\"wp-block-spacer\"><\/div>\n\n\n\n<h2 class=\"wp-block-heading\">Sustenta\u00e7\u00e3o e conforto<\/h2>\n\n\n\n<p>A linha de tecidos para modeladores da Coltex foi criada para acompanhar cada curva com precis\u00e3o e suavidade. Unimos tecnologia t\u00eaxtil avan\u00e7ada, compress\u00e3o equilibrada e elasticidade multidirecional para entregar pe\u00e7as que modelam sem restringir, sustentam sem incomodar e valorizam o movimento natural do corpo.<\/p>\n\n\n\n<div style=\"height:27px\" aria-hidden=\"true\" class=\"wp-block-spacer\"><\/div>\n\n\n\n<div class=\"wp-block-group alignfull has-accent-background-background-color has-background has-global-padding is-layout-constrained wp-block-group-is-layout-constrained\">\n<div class=\"wp-block-media-text has-media-on-the-right is-stacked-on-mobile has-accent-background-background-color has-background\"><div class=\"wp-block-media-text__content\">\n<div class=\"wp-block-group has-global-padding is-content-justification-left is-layout-constrained wp-container-core-group-is-layout-a1a048bb wp-block-group-is-layout-constrained\">\n<h5 class=\"wp-block-heading\">Conhe\u00e7a um pouco da nossa <\/h5>\n\n\n\n<h2 class=\"wp-block-heading\">Linha Modeladora<\/h2>\n<\/div>\n\n\n\n<div style=\"height:10px\" aria-hidden=\"true\" class=\"wp-block-spacer\"><\/div>\n\n\n\n<p>Cada tecido da linha \u00e9 pensado para <strong>equilibrar compress\u00e3o e conforto<\/strong>, garantindo que a pe\u00e7a moldadora cumpra sua fun\u00e7\u00e3o est\u00e9tica sem comprometer o conforto de uso ao longo do dia. A Coltex T\u00eaxtil investe em inova\u00e7\u00e3o para proporcionar materiais com <strong>alta recupera\u00e7\u00e3o el\u00e1stica, estabilidade dimensional e durabilidade<\/strong>, resultando em produtos finais resistentes e de alto desempenho.<\/p>\n\n\n\n<p>Al\u00e9m disso, a linha de tecidos para modeladores \u00e9 vers\u00e1til, permitindo aplica\u00e7\u00f5es em diferentes tipos de produtos e estilos, desde modeladores discretos at\u00e9 pe\u00e7as com maior estrutura. Com essa linha, a Coltex reafirma seu compromisso com a excel\u00eancia t\u00e9cnica e a capacidade de oferecer solu\u00e7\u00f5es t\u00eaxteis que atendem \u00e0s demandas mais exigentes do mercado de moda, combinando funcionalidade, qualidade e conforto para o consumidor final.<\/p>\n\n\n\n<div style=\"height:20px\" aria-hidden=\"true\" class=\"wp-block-spacer\"><\/div>\n\n\n\n<hr class=\"wp-block-separator has-alpha-channel-opacity is-style-wide\"\/>\n\n\n\n<div style=\"height:50px\" aria-hidden=\"true\" class=\"wp-block-spacer\"><\/div>\n\n\n\n<div class=\"wp-block-columns is-layout-flex wp-container-core-columns-is-layout-28f84493 wp-block-columns-is-layout-flex\">\n<div class=\"wp-block-column is-layout-flow wp-block-column-is-layout-flow\">\n<div class=\"wp-block-group is-nowrap is-layout-flex wp-container-core-group-is-layout-f66f9956 wp-block-group-is-layout-flex\">\n<figure class=\"wp-block-image size-full is-resized\"><img decoding=\"async\" src=\"https:\/\/storage.googleapis.com\/agni_patterns_bucket\/everglow\/check-circled.png\" alt=\"\" class=\"wp-image-77\" style=\"width:40px;height:40px\"\/><\/figure>\n\n\n\n<div class=\"wp-block-group has-global-padding is-layout-constrained wp-container-core-group-is-layout-ccbb58b6 wp-block-group-is-layout-constrained\">\n<h5 class=\"wp-block-heading\">Corset<\/h5>\n\n\n\n<p class=\"has-small-font-size\"><\/p>\n<\/div>\n<\/div>\n<\/div>\n\n\n\n<div class=\"wp-block-column is-layout-flow wp-block-column-is-layout-flow\">\n<div class=\"wp-block-group is-nowrap is-layout-flex wp-container-core-group-is-layout-f66f9956 wp-block-group-is-layout-flex\">\n<figure class=\"wp-block-image size-full is-resized\"><img decoding=\"async\" src=\"https:\/\/storage.googleapis.com\/agni_patterns_bucket\/everglow\/check-circled.png\" alt=\"\" class=\"wp-image-77\" style=\"width:40px;height:40px\"\/><\/figure>\n\n\n\n<div class=\"wp-block-group has-global-padding is-layout-constrained wp-container-core-group-is-layout-ccbb58b6 wp-block-group-is-layout-constrained\">\n<h5 class=\"wp-block-heading\">Seven<\/h5>\n\n\n\n<p class=\"has-small-font-size\"><\/p>\n<\/div>\n<\/div>\n<\/div>\n<\/div>\n\n\n\n<div class=\"wp-block-columns is-layout-flex wp-container-core-columns-is-layout-28f84493 wp-block-columns-is-layout-flex\">\n<div class=\"wp-block-column is-layout-flow wp-block-column-is-layout-flow\">\n<div class=\"wp-block-group is-nowrap is-layout-flex wp-container-core-group-is-layout-f66f9956 wp-block-group-is-layout-flex\">\n<figure class=\"wp-block-image size-full is-resized\"><img decoding=\"async\" src=\"https:\/\/storage.googleapis.com\/agni_patterns_bucket\/everglow\/check-circled.png\" alt=\"\" class=\"wp-image-77\" style=\"width:40px;height:40px\"\/><\/figure>\n\n\n\n<div class=\"wp-block-group has-global-padding is-layout-constrained wp-container-core-group-is-layout-ccbb58b6 wp-block-group-is-layout-constrained\">\n<h5 class=\"wp-block-heading\">Shape Press<\/h5>\n\n\n\n<p class=\"has-small-font-size\"><\/p>\n<\/div>\n<\/div>\n<\/div>\n\n\n\n<div class=\"wp-block-column is-layout-flow wp-block-column-is-layout-flow\">\n<div class=\"wp-block-group is-nowrap is-layout-flex wp-container-core-group-is-layout-f66f9956 wp-block-group-is-layout-flex\">\n<figure class=\"wp-block-image size-full is-resized\"><img decoding=\"async\" src=\"https:\/\/storage.googleapis.com\/agni_patterns_bucket\/everglow\/check-circled.png\" alt=\"\" class=\"wp-image-77\" style=\"width:40px;height:40px\"\/><\/figure>\n\n\n\n<div class=\"wp-block-group has-global-padding is-layout-constrained wp-container-core-group-is-layout-ccbb58b6 wp-block-group-is-layout-constrained\">\n<h5 class=\"wp-block-heading\">Six<\/h5>\n\n\n\n<p class=\"has-small-font-size\"><\/p>\n<\/div>\n<\/div>\n<\/div>\n<\/div>\n<\/div><figure class=\"wp-block-media-text__media\"><img decoding=\"async\" src=\"https:\/\/coltex.com.br\/site\/wp-content\/uploads\/2025\/12\/IMG_2418-683x1024.jpg\" alt=\"\" class=\"wp-image-1776 size-full\"\/><\/figure><\/div>\n<\/div>\n\n\n\n<p class=\"has-text-align-center\"><strong>Quer conhecer mais nossa cole\u00e7\u00e3o?<\/strong><\/p>\n\n\n\n<h2 class=\"wp-block-heading has-text-align-center has-x-large-font-size\">Linha Modeladora<\/h2>\n\n\n\n<div class=\"wp-block-buttons is-horizontal is-content-justification-center is-layout-flex wp-container-core-buttons-is-layout-03627597 wp-block-buttons-is-layout-flex\">\n<div class=\"wp-block-button has-custom-width wp-block-button__width-50\"><a class=\"wp-block-button__link has-text-color has-background wp-element-button\" style=\"border-radius:50px;color:#ffffff;background-color:#000000\">Quero conhecer a linha completa<\/a><\/div>\n<\/div>\n\n\n\n<p><\/p>\n","protected":false},"excerpt":{"rendered":"<p>Sustenta\u00e7\u00e3o e conforto A linha de tecidos para modeladores da Coltex foi criada para acompanhar cada curva com precis\u00e3o e suavidade. Unimos tecnologia t\u00eaxtil avan\u00e7ada, compress\u00e3o equilibrada e elasticidade multidirecional para entregar pe\u00e7as que modelam sem restringir, sustentam sem incomodar e valorizam o movimento natural do corpo. Conhe\u00e7a um pouco da nossa Linha Modeladora Cada [&hellip;]<\/p>\n","protected":false},"author":2,"featured_media":0,"parent":0,"menu_order":0,"comment_status":"closed","ping_status":"closed","template":"","meta":{"footnotes":""},"class_list":["post-1372","page","type-page","status-publish","hentry"],"yoast_head":"<!-- This site is optimized with the Yoast SEO plugin v27.5 - https:\/\/yoast.com\/product\/yoast-seo-wordpress\/ -->\n<title>Modeladores - Coltex<\/title>\n<meta name=\"robots\" content=\"index, follow, max-snippet:-1, max-image-preview:large, max-video-preview:-1\" \/>\n<link rel=\"canonical\" href=\"https:\/\/coltex.com.br\/site\/modeladores\/\" \/>\n<meta property=\"og:locale\" content=\"pt_BR\" \/>\n<meta property=\"og:type\" content=\"article\" \/>\n<meta property=\"og:title\" content=\"Modeladores - Coltex\" \/>\n<meta property=\"og:description\" content=\"Sustenta\u00e7\u00e3o e conforto A linha de tecidos para modeladores da Coltex foi criada para acompanhar cada curva com precis\u00e3o e suavidade. Unimos tecnologia t\u00eaxtil avan\u00e7ada, compress\u00e3o equilibrada e elasticidade multidirecional para entregar pe\u00e7as que modelam sem restringir, sustentam sem incomodar e valorizam o movimento natural do corpo. Conhe\u00e7a um pouco da nossa Linha Modeladora Cada [&hellip;]\" \/>\n<meta property=\"og:url\" content=\"https:\/\/coltex.com.br\/site\/modeladores\/\" \/>\n<meta property=\"og:site_name\" content=\"Coltex\" \/>\n<meta property=\"article:publisher\" content=\"https:\/\/www.facebook.com\/coltextextil\" \/>\n<meta property=\"article:modified_time\" content=\"2026-01-09T18:10:15+00:00\" \/>\n<meta property=\"og:image\" content=\"https:\/\/coltex.com.br\/site\/wp-content\/uploads\/2026\/01\/basic-copiar-scaled.jpg\" \/>\n\t<meta property=\"og:image:width\" content=\"1525\" \/>\n\t<meta property=\"og:image:height\" content=\"2560\" \/>\n\t<meta property=\"og:image:type\" content=\"image\/jpeg\" \/>\n<meta name=\"twitter:card\" content=\"summary_large_image\" \/>\n<meta name=\"twitter:label1\" content=\"Est. tempo de leitura\" \/>\n\t<meta name=\"twitter:data1\" content=\"1 minuto\" \/>\n<script type=\"application\/ld+json\" class=\"yoast-schema-graph\">{\"@context\":\"https:\\\/\\\/schema.org\",\"@graph\":[{\"@type\":\"WebPage\",\"@id\":\"https:\\\/\\\/coltex.com.br\\\/site\\\/modeladores\\\/\",\"url\":\"https:\\\/\\\/coltex.com.br\\\/site\\\/modeladores\\\/\",\"name\":\"Modeladores - Coltex\",\"isPartOf\":{\"@id\":\"https:\\\/\\\/coltex.com.br\\\/site\\\/#website\"},\"primaryImageOfPage\":{\"@id\":\"https:\\\/\\\/coltex.com.br\\\/site\\\/modeladores\\\/#primaryimage\"},\"image\":{\"@id\":\"https:\\\/\\\/coltex.com.br\\\/site\\\/modeladores\\\/#primaryimage\"},\"thumbnailUrl\":\"https:\\\/\\\/coltex.com.br\\\/site\\\/wp-content\\\/uploads\\\/2026\\\/01\\\/basic-copiar-610x1024.jpg\",\"datePublished\":\"2025-11-07T19:37:32+00:00\",\"dateModified\":\"2026-01-09T18:10:15+00:00\",\"breadcrumb\":{\"@id\":\"https:\\\/\\\/coltex.com.br\\\/site\\\/modeladores\\\/#breadcrumb\"},\"inLanguage\":\"pt-BR\",\"potentialAction\":[{\"@type\":\"ReadAction\",\"target\":[\"https:\\\/\\\/coltex.com.br\\\/site\\\/modeladores\\\/\"]}]},{\"@type\":\"ImageObject\",\"inLanguage\":\"pt-BR\",\"@id\":\"https:\\\/\\\/coltex.com.br\\\/site\\\/modeladores\\\/#primaryimage\",\"url\":\"https:\\\/\\\/coltex.com.br\\\/site\\\/wp-content\\\/uploads\\\/2026\\\/01\\\/basic-copiar-scaled.jpg\",\"contentUrl\":\"https:\\\/\\\/coltex.com.br\\\/site\\\/wp-content\\\/uploads\\\/2026\\\/01\\\/basic-copiar-scaled.jpg\",\"width\":1525,\"height\":2560},{\"@type\":\"BreadcrumbList\",\"@id\":\"https:\\\/\\\/coltex.com.br\\\/site\\\/modeladores\\\/#breadcrumb\",\"itemListElement\":[{\"@type\":\"ListItem\",\"position\":1,\"name\":\"In\u00edcio\",\"item\":\"https:\\\/\\\/coltex.com.br\\\/site\\\/\"},{\"@type\":\"ListItem\",\"position\":2,\"name\":\"Modeladores\"}]},{\"@type\":\"WebSite\",\"@id\":\"https:\\\/\\\/coltex.com.br\\\/site\\\/#website\",\"url\":\"https:\\\/\\\/coltex.com.br\\\/site\\\/\",\"name\":\"Coltex\",\"description\":\"\",\"publisher\":{\"@id\":\"https:\\\/\\\/coltex.com.br\\\/site\\\/#organization\"},\"potentialAction\":[{\"@type\":\"SearchAction\",\"target\":{\"@type\":\"EntryPoint\",\"urlTemplate\":\"https:\\\/\\\/coltex.com.br\\\/site\\\/?s={search_term_string}\"},\"query-input\":{\"@type\":\"PropertyValueSpecification\",\"valueRequired\":true,\"valueName\":\"search_term_string\"}}],\"inLanguage\":\"pt-BR\"},{\"@type\":\"Organization\",\"@id\":\"https:\\\/\\\/coltex.com.br\\\/site\\\/#organization\",\"name\":\"Coltex\",\"url\":\"https:\\\/\\\/coltex.com.br\\\/site\\\/\",\"logo\":{\"@type\":\"ImageObject\",\"inLanguage\":\"pt-BR\",\"@id\":\"https:\\\/\\\/coltex.com.br\\\/site\\\/#\\\/schema\\\/logo\\\/image\\\/\",\"url\":\"https:\\\/\\\/coltex.com.br\\\/site\\\/wp-content\\\/uploads\\\/2025\\\/10\\\/logo-coltex-para-o-site-copiar.png\",\"contentUrl\":\"https:\\\/\\\/coltex.com.br\\\/site\\\/wp-content\\\/uploads\\\/2025\\\/10\\\/logo-coltex-para-o-site-copiar.png\",\"width\":424,\"height\":135,\"caption\":\"Coltex\"},\"image\":{\"@id\":\"https:\\\/\\\/coltex.com.br\\\/site\\\/#\\\/schema\\\/logo\\\/image\\\/\"},\"sameAs\":[\"https:\\\/\\\/www.facebook.com\\\/coltextextil\",\"https:\\\/\\\/www.instagram.com\\\/coltextextil\",\"https:\\\/\\\/www.youtube.com\\\/@coltextextil\",\"https:\\\/\\\/www.linkedin.com\\\/company\\\/coltextextil\",\"https:\\\/\\\/br.pinterest.com\\\/coltextextil\"]}]}<\/script>\n<!-- \/ Yoast SEO plugin. -->","yoast_head_json":{"title":"Modeladores - Coltex","robots":{"index":"index","follow":"follow","max-snippet":"max-snippet:-1","max-image-preview":"max-image-preview:large","max-video-preview":"max-video-preview:-1"},"canonical":"https:\/\/coltex.com.br\/site\/modeladores\/","og_locale":"pt_BR","og_type":"article","og_title":"Modeladores - Coltex","og_description":"Sustenta\u00e7\u00e3o e conforto A linha de tecidos para modeladores da Coltex foi criada para acompanhar cada curva com precis\u00e3o e suavidade. Unimos tecnologia t\u00eaxtil avan\u00e7ada, compress\u00e3o equilibrada e elasticidade multidirecional para entregar pe\u00e7as que modelam sem restringir, sustentam sem incomodar e valorizam o movimento natural do corpo. Conhe\u00e7a um pouco da nossa Linha Modeladora Cada [&hellip;]","og_url":"https:\/\/coltex.com.br\/site\/modeladores\/","og_site_name":"Coltex","article_publisher":"https:\/\/www.facebook.com\/coltextextil","article_modified_time":"2026-01-09T18:10:15+00:00","og_image":[{"width":1525,"height":2560,"url":"https:\/\/coltex.com.br\/site\/wp-content\/uploads\/2026\/01\/basic-copiar-scaled.jpg","type":"image\/jpeg"}],"twitter_card":"summary_large_image","twitter_misc":{"Est. tempo de leitura":"1 minuto"},"schema":{"@context":"https:\/\/schema.org","@graph":[{"@type":"WebPage","@id":"https:\/\/coltex.com.br\/site\/modeladores\/","url":"https:\/\/coltex.com.br\/site\/modeladores\/","name":"Modeladores - Coltex","isPartOf":{"@id":"https:\/\/coltex.com.br\/site\/#website"},"primaryImageOfPage":{"@id":"https:\/\/coltex.com.br\/site\/modeladores\/#primaryimage"},"image":{"@id":"https:\/\/coltex.com.br\/site\/modeladores\/#primaryimage"},"thumbnailUrl":"https:\/\/coltex.com.br\/site\/wp-content\/uploads\/2026\/01\/basic-copiar-610x1024.jpg","datePublished":"2025-11-07T19:37:32+00:00","dateModified":"2026-01-09T18:10:15+00:00","breadcrumb":{"@id":"https:\/\/coltex.com.br\/site\/modeladores\/#breadcrumb"},"inLanguage":"pt-BR","potentialAction":[{"@type":"ReadAction","target":["https:\/\/coltex.com.br\/site\/modeladores\/"]}]},{"@type":"ImageObject","inLanguage":"pt-BR","@id":"https:\/\/coltex.com.br\/site\/modeladores\/#primaryimage","url":"https:\/\/coltex.com.br\/site\/wp-content\/uploads\/2026\/01\/basic-copiar-scaled.jpg","contentUrl":"https:\/\/coltex.com.br\/site\/wp-content\/uploads\/2026\/01\/basic-copiar-scaled.jpg","width":1525,"height":2560},{"@type":"BreadcrumbList","@id":"https:\/\/coltex.com.br\/site\/modeladores\/#breadcrumb","itemListElement":[{"@type":"ListItem","position":1,"name":"In\u00edcio","item":"https:\/\/coltex.com.br\/site\/"},{"@type":"ListItem","position":2,"name":"Modeladores"}]},{"@type":"WebSite","@id":"https:\/\/coltex.com.br\/site\/#website","url":"https:\/\/coltex.com.br\/site\/","name":"Coltex","description":"","publisher":{"@id":"https:\/\/coltex.com.br\/site\/#organization"},"potentialAction":[{"@type":"SearchAction","target":{"@type":"EntryPoint","urlTemplate":"https:\/\/coltex.com.br\/site\/?s={search_term_string}"},"query-input":{"@type":"PropertyValueSpecification","valueRequired":true,"valueName":"search_term_string"}}],"inLanguage":"pt-BR"},{"@type":"Organization","@id":"https:\/\/coltex.com.br\/site\/#organization","name":"Coltex","url":"https:\/\/coltex.com.br\/site\/","logo":{"@type":"ImageObject","inLanguage":"pt-BR","@id":"https:\/\/coltex.com.br\/site\/#\/schema\/logo\/image\/","url":"https:\/\/coltex.com.br\/site\/wp-content\/uploads\/2025\/10\/logo-coltex-para-o-site-copiar.png","contentUrl":"https:\/\/coltex.com.br\/site\/wp-content\/uploads\/2025\/10\/logo-coltex-para-o-site-copiar.png","width":424,"height":135,"caption":"Coltex"},"image":{"@id":"https:\/\/coltex.com.br\/site\/#\/schema\/logo\/image\/"},"sameAs":["https:\/\/www.facebook.com\/coltextextil","https:\/\/www.instagram.com\/coltextextil","https:\/\/www.youtube.com\/@coltextextil","https:\/\/www.linkedin.com\/company\/coltextextil","https:\/\/br.pinterest.com\/coltextextil"]}]}},"_links":{"self":[{"href":"https:\/\/coltex.com.br\/site\/wp-json\/wp\/v2\/pages\/1372","targetHints":{"allow":["GET"]}}],"collection":[{"href":"https:\/\/coltex.com.br\/site\/wp-json\/wp\/v2\/pages"}],"about":[{"href":"https:\/\/coltex.com.br\/site\/wp-json\/wp\/v2\/types\/page"}],"author":[{"embeddable":true,"href":"https:\/\/coltex.com.br\/site\/wp-json\/wp\/v2\/users\/2"}],"replies":[{"embeddable":true,"href":"https:\/\/coltex.com.br\/site\/wp-json\/wp\/v2\/comments?post=1372"}],"version-history":[{"count":13,"href":"https:\/\/coltex.com.br\/site\/wp-json\/wp\/v2\/pages\/1372\/revisions"}],"predecessor-version":[{"id":2088,"href":"https:\/\/coltex.com.br\/site\/wp-json\/wp\/v2\/pages\/1372\/revisions\/2088"}],"wp:attachment":[{"href":"https:\/\/coltex.com.br\/site\/wp-json\/wp\/v2\/media?parent=1372"}],"curies":[{"name":"wp","href":"https:\/\/api.w.org\/{rel}","templated":true}]}}