{"id":1380,"date":"2025-11-07T16:39:57","date_gmt":"2025-11-07T19:39:57","guid":{"rendered":"https:\/\/coltex.com.br\/site\/?page_id=1380"},"modified":"2026-01-09T15:28:40","modified_gmt":"2026-01-09T18:28:40","slug":"casual-tech","status":"publish","type":"page","link":"https:\/\/coltex.com.br\/site\/casual-tech\/","title":{"rendered":"Techwear"},"content":{"rendered":"\n<div class=\"wp-block-cover alignfull is-light has-parallax has-custom-content-position is-position-top-center\" style=\"min-height:674px;aspect-ratio:unset;\"><div class=\"wp-block-cover__image-background wp-image-2102 size-large has-parallax\" style=\"background-position:50% 50%;background-image:url(https:\/\/coltex.com.br\/site\/wp-content\/uploads\/2026\/01\/GOLFAIR-1-683x1024.jpg)\"><\/div><span aria-hidden=\"true\" class=\"wp-block-cover__background has-background-dim-0 has-background-dim\" style=\"background-color:#8f8177\"><\/span><div class=\"wp-block-cover__inner-container is-layout-flow wp-block-cover-is-layout-flow\">\n<div style=\"height:10vh\" aria-hidden=\"true\" class=\"wp-block-spacer\"><\/div>\n\n\n\n<div style=\"height:10vh\" aria-hidden=\"true\" class=\"wp-block-spacer\"><\/div>\n<\/div><\/div>\n\n\n\n<div style=\"height:5vh\" aria-hidden=\"true\" class=\"wp-block-spacer\"><\/div>\n\n\n\n<h2 class=\"wp-block-heading\">Techwear<\/h2>\n\n\n\n<p>A <strong>linha TECHWEAR da Coltex T\u00eaxtil<\/strong> acompanha a evolu\u00e7\u00e3o do vestir contempor\u00e2neo ao propor uma alfaiataria tecnol\u00f3gica pensada <strong>para homens e mulheres<\/strong> que vivem rotinas din\u00e2micas e multifacetadas. A crescente busca por pe\u00e7as vers\u00e1teis, confort\u00e1veis e de baixa manuten\u00e7\u00e3o impulsiona um novo olhar sobre a moda, no qual funcionalidade e sofistica\u00e7\u00e3o caminham juntas, atendendo \u00e0s atuais demandas sociais e profissionais.<\/p>\n\n\n\n<div class=\"wp-block-media-text is-stacked-on-mobile\" style=\"grid-template-columns:44% auto\"><figure class=\"wp-block-media-text__media\"><img loading=\"lazy\" decoding=\"async\" width=\"683\" height=\"1024\" src=\"https:\/\/coltex.com.br\/site\/wp-content\/uploads\/2026\/01\/DOTS-3-683x1024.jpg\" alt=\"\" class=\"wp-image-2079 size-full\" srcset=\"https:\/\/coltex.com.br\/site\/wp-content\/uploads\/2026\/01\/DOTS-3-683x1024.jpg 683w, https:\/\/coltex.com.br\/site\/wp-content\/uploads\/2026\/01\/DOTS-3-200x300.jpg 200w, https:\/\/coltex.com.br\/site\/wp-content\/uploads\/2026\/01\/DOTS-3-768x1152.jpg 768w, https:\/\/coltex.com.br\/site\/wp-content\/uploads\/2026\/01\/DOTS-3-8x12.jpg 8w, https:\/\/coltex.com.br\/site\/wp-content\/uploads\/2026\/01\/DOTS-3-600x900.jpg 600w, https:\/\/coltex.com.br\/site\/wp-content\/uploads\/2026\/01\/DOTS-3.jpg 914w\" sizes=\"auto, (max-width: 683px) 100vw, 683px\" \/><\/figure><div class=\"wp-block-media-text__content\">\n<p><\/p>\n\n\n\n<p>O <strong>TECHWEAR<\/strong> traduz um estilo mais descomplicado, sem abrir m\u00e3o da eleg\u00e2ncia. Desenvolvida com tecnologia t\u00eaxtil aplicada \u00e0 alfaiataria, a linha oferece <strong>performance, conforto e praticidade<\/strong> para quem precisa transitar com facilidade entre diferentes momentos do dia. Os tecidos proporcionam liberdade de movimento, durabilidade e um visual sempre alinhado, tornando-se aliados tanto no ambiente de trabalho quanto em ocasi\u00f5es casuais.<\/p>\n<\/div><\/div>\n\n\n\n<p><\/p>\n\n\n\n<div class=\"wp-block-media-text has-media-on-the-right is-stacked-on-mobile\"><div class=\"wp-block-media-text__content\">\n<div class=\"wp-block-group has-global-padding is-content-justification-left is-layout-constrained wp-container-core-group-is-layout-a1a048bb wp-block-group-is-layout-constrained\">\n<h5 class=\"wp-block-heading\">Conhe\u00e7a um pouco da nossa <\/h5>\n\n\n\n<h2 class=\"wp-block-heading\">Techwear<\/h2>\n<\/div>\n\n\n\n<div style=\"height:10px\" aria-hidden=\"true\" class=\"wp-block-spacer\"><\/div>\n\n\n\n<p>Pensada para pessoas que valorizam design inteligente e bem-estar, a linha <strong>TECHWEAR<\/strong> atende ao <strong>homem e \u00e0 mulher modernos<\/strong>, que buscam equil\u00edbrio entre est\u00e9tica e funcionalidade. Mais do que seguir tend\u00eancias, a Coltex T\u00eaxtil entrega uma solu\u00e7\u00e3o contempor\u00e2nea, inclusiva e alinhada ao futuro da moda, reafirmando seu compromisso com inova\u00e7\u00e3o, qualidade e versatilidade no vestir.<\/p>\n\n\n\n<div style=\"height:20px\" aria-hidden=\"true\" class=\"wp-block-spacer\"><\/div>\n\n\n\n<hr class=\"wp-block-separator has-alpha-channel-opacity is-style-wide\"\/>\n\n\n\n<div style=\"height:50px\" aria-hidden=\"true\" class=\"wp-block-spacer\"><\/div>\n\n\n\n<div class=\"wp-block-columns is-layout-flex wp-container-core-columns-is-layout-28f84493 wp-block-columns-is-layout-flex\">\n<div class=\"wp-block-column is-layout-flow wp-block-column-is-layout-flow\">\n<div class=\"wp-block-group is-nowrap is-layout-flex wp-container-core-group-is-layout-f66f9956 wp-block-group-is-layout-flex\">\n<figure class=\"wp-block-image size-full is-resized\"><img decoding=\"async\" src=\"https:\/\/storage.googleapis.com\/agni_patterns_bucket\/everglow\/check-circled.png\" alt=\"\" class=\"wp-image-77\" style=\"width:40px;height:40px\"\/><\/figure>\n\n\n\n<div class=\"wp-block-group has-global-padding is-layout-constrained wp-container-core-group-is-layout-ccbb58b6 wp-block-group-is-layout-constrained\">\n<h5 class=\"wp-block-heading\">Golfair<\/h5>\n\n\n\n<p class=\"has-small-font-size\"><\/p>\n<\/div>\n<\/div>\n<\/div>\n\n\n\n<div class=\"wp-block-column is-layout-flow wp-block-column-is-layout-flow\">\n<div class=\"wp-block-group is-nowrap is-layout-flex wp-container-core-group-is-layout-f66f9956 wp-block-group-is-layout-flex\">\n<figure class=\"wp-block-image size-full is-resized\"><img decoding=\"async\" src=\"https:\/\/storage.googleapis.com\/agni_patterns_bucket\/everglow\/check-circled.png\" alt=\"\" class=\"wp-image-77\" style=\"width:40px;height:40px\"\/><\/figure>\n\n\n\n<div class=\"wp-block-group has-global-padding is-layout-constrained wp-container-core-group-is-layout-ccbb58b6 wp-block-group-is-layout-constrained\">\n<h5 class=\"wp-block-heading\">Dots<\/h5>\n\n\n\n<p class=\"has-small-font-size\"><\/p>\n<\/div>\n<\/div>\n<\/div>\n<\/div>\n\n\n\n<div class=\"wp-block-columns is-layout-flex wp-container-core-columns-is-layout-28f84493 wp-block-columns-is-layout-flex\">\n<div class=\"wp-block-column is-layout-flow wp-block-column-is-layout-flow\">\n<div class=\"wp-block-group is-nowrap is-layout-flex wp-container-core-group-is-layout-f66f9956 wp-block-group-is-layout-flex\">\n<figure class=\"wp-block-image size-full is-resized\"><img decoding=\"async\" src=\"https:\/\/storage.googleapis.com\/agni_patterns_bucket\/everglow\/check-circled.png\" alt=\"\" class=\"wp-image-77\" style=\"width:40px;height:40px\"\/><\/figure>\n\n\n\n<div class=\"wp-block-group has-global-padding is-layout-constrained wp-container-core-group-is-layout-ccbb58b6 wp-block-group-is-layout-constrained\">\n<h5 class=\"wp-block-heading\">Balm<\/h5>\n\n\n\n<p class=\"has-small-font-size\"><\/p>\n<\/div>\n<\/div>\n<\/div>\n\n\n\n<div class=\"wp-block-column is-layout-flow wp-block-column-is-layout-flow\">\n<div class=\"wp-block-group is-nowrap is-layout-flex wp-container-core-group-is-layout-f66f9956 wp-block-group-is-layout-flex\">\n<figure class=\"wp-block-image size-full is-resized\"><img decoding=\"async\" src=\"https:\/\/storage.googleapis.com\/agni_patterns_bucket\/everglow\/check-circled.png\" alt=\"\" class=\"wp-image-77\" style=\"width:40px;height:40px\"\/><\/figure>\n\n\n\n<div class=\"wp-block-group has-global-padding is-layout-constrained wp-container-core-group-is-layout-ccbb58b6 wp-block-group-is-layout-constrained\">\n<h5 class=\"wp-block-heading\">Seven<\/h5>\n\n\n\n<p class=\"has-small-font-size\"><\/p>\n<\/div>\n<\/div>\n<\/div>\n<\/div>\n<\/div><figure class=\"wp-block-media-text__media\"><img decoding=\"async\" src=\"https:\/\/coltex.com.br\/site\/wp-content\/uploads\/2025\/11\/16-GOLFAIR-683x1024.jpg\" alt=\"\" class=\"wp-image-1536 size-full\"\/><\/figure><\/div>\n\n\n\n<div style=\"height:3vh\" aria-hidden=\"true\" class=\"wp-block-spacer\"><\/div>\n\n\n\n<p class=\"has-text-align-center\"><strong>Quer conhecer mais nossa cole\u00e7\u00e3o?<\/strong><\/p>\n\n\n\n<h2 class=\"wp-block-heading has-text-align-center has-x-large-font-size\">Linha Techwear<\/h2>\n\n\n\n<div class=\"wp-block-buttons is-horizontal is-content-justification-center is-layout-flex wp-container-core-buttons-is-layout-03627597 wp-block-buttons-is-layout-flex\">\n<div class=\"wp-block-button has-custom-width wp-block-button__width-50\"><a class=\"wp-block-button__link has-text-color has-background wp-element-button\" style=\"border-radius:50px;color:#ffffff;background-color:#000000\">Quero conhecer a linha completa<\/a><\/div>\n<\/div>\n\n\n\n<p><\/p>\n","protected":false},"excerpt":{"rendered":"<p>Techwear A linha TECHWEAR da Coltex T\u00eaxtil acompanha a evolu\u00e7\u00e3o do vestir contempor\u00e2neo ao propor uma alfaiataria tecnol\u00f3gica pensada para homens e mulheres que vivem rotinas din\u00e2micas e multifacetadas. A crescente busca por pe\u00e7as vers\u00e1teis, confort\u00e1veis e de baixa manuten\u00e7\u00e3o impulsiona um novo olhar sobre a moda, no qual funcionalidade e sofistica\u00e7\u00e3o caminham juntas, atendendo [&hellip;]<\/p>\n","protected":false},"author":2,"featured_media":0,"parent":0,"menu_order":0,"comment_status":"closed","ping_status":"closed","template":"","meta":{"footnotes":""},"class_list":["post-1380","page","type-page","status-publish","hentry"],"yoast_head":"<!-- This site is optimized with the Yoast SEO plugin v27.5 - https:\/\/yoast.com\/product\/yoast-seo-wordpress\/ -->\n<title>Techwear - Coltex<\/title>\n<meta name=\"robots\" content=\"index, follow, max-snippet:-1, max-image-preview:large, max-video-preview:-1\" \/>\n<link rel=\"canonical\" href=\"https:\/\/coltex.com.br\/site\/casual-tech\/\" \/>\n<meta property=\"og:locale\" content=\"pt_BR\" \/>\n<meta property=\"og:type\" content=\"article\" \/>\n<meta property=\"og:title\" content=\"Techwear - Coltex\" \/>\n<meta property=\"og:description\" content=\"Techwear A linha TECHWEAR da Coltex T\u00eaxtil acompanha a evolu\u00e7\u00e3o do vestir contempor\u00e2neo ao propor uma alfaiataria tecnol\u00f3gica pensada para homens e mulheres que vivem rotinas din\u00e2micas e multifacetadas. A crescente busca por pe\u00e7as vers\u00e1teis, confort\u00e1veis e de baixa manuten\u00e7\u00e3o impulsiona um novo olhar sobre a moda, no qual funcionalidade e sofistica\u00e7\u00e3o caminham juntas, atendendo [&hellip;]\" \/>\n<meta property=\"og:url\" content=\"https:\/\/coltex.com.br\/site\/casual-tech\/\" \/>\n<meta property=\"og:site_name\" content=\"Coltex\" \/>\n<meta property=\"article:publisher\" content=\"https:\/\/www.facebook.com\/coltextextil\" \/>\n<meta property=\"article:modified_time\" content=\"2026-01-09T18:28:40+00:00\" \/>\n<meta property=\"og:image\" content=\"https:\/\/coltex.com.br\/site\/wp-content\/uploads\/2026\/01\/DOTS-3.jpg\" \/>\n\t<meta property=\"og:image:width\" content=\"914\" \/>\n\t<meta property=\"og:image:height\" content=\"1371\" \/>\n\t<meta property=\"og:image:type\" content=\"image\/jpeg\" \/>\n<meta name=\"twitter:card\" content=\"summary_large_image\" \/>\n<meta name=\"twitter:label1\" content=\"Est. tempo de leitura\" \/>\n\t<meta name=\"twitter:data1\" content=\"1 minuto\" \/>\n<script type=\"application\/ld+json\" class=\"yoast-schema-graph\">{\"@context\":\"https:\\\/\\\/schema.org\",\"@graph\":[{\"@type\":\"WebPage\",\"@id\":\"https:\\\/\\\/coltex.com.br\\\/site\\\/casual-tech\\\/\",\"url\":\"https:\\\/\\\/coltex.com.br\\\/site\\\/casual-tech\\\/\",\"name\":\"Techwear - Coltex\",\"isPartOf\":{\"@id\":\"https:\\\/\\\/coltex.com.br\\\/site\\\/#website\"},\"primaryImageOfPage\":{\"@id\":\"https:\\\/\\\/coltex.com.br\\\/site\\\/casual-tech\\\/#primaryimage\"},\"image\":{\"@id\":\"https:\\\/\\\/coltex.com.br\\\/site\\\/casual-tech\\\/#primaryimage\"},\"thumbnailUrl\":\"https:\\\/\\\/coltex.com.br\\\/site\\\/wp-content\\\/uploads\\\/2026\\\/01\\\/DOTS-3-683x1024.jpg\",\"datePublished\":\"2025-11-07T19:39:57+00:00\",\"dateModified\":\"2026-01-09T18:28:40+00:00\",\"breadcrumb\":{\"@id\":\"https:\\\/\\\/coltex.com.br\\\/site\\\/casual-tech\\\/#breadcrumb\"},\"inLanguage\":\"pt-BR\",\"potentialAction\":[{\"@type\":\"ReadAction\",\"target\":[\"https:\\\/\\\/coltex.com.br\\\/site\\\/casual-tech\\\/\"]}]},{\"@type\":\"ImageObject\",\"inLanguage\":\"pt-BR\",\"@id\":\"https:\\\/\\\/coltex.com.br\\\/site\\\/casual-tech\\\/#primaryimage\",\"url\":\"https:\\\/\\\/coltex.com.br\\\/site\\\/wp-content\\\/uploads\\\/2026\\\/01\\\/DOTS-3.jpg\",\"contentUrl\":\"https:\\\/\\\/coltex.com.br\\\/site\\\/wp-content\\\/uploads\\\/2026\\\/01\\\/DOTS-3.jpg\",\"width\":914,\"height\":1371},{\"@type\":\"BreadcrumbList\",\"@id\":\"https:\\\/\\\/coltex.com.br\\\/site\\\/casual-tech\\\/#breadcrumb\",\"itemListElement\":[{\"@type\":\"ListItem\",\"position\":1,\"name\":\"In\u00edcio\",\"item\":\"https:\\\/\\\/coltex.com.br\\\/site\\\/\"},{\"@type\":\"ListItem\",\"position\":2,\"name\":\"Techwear\"}]},{\"@type\":\"WebSite\",\"@id\":\"https:\\\/\\\/coltex.com.br\\\/site\\\/#website\",\"url\":\"https:\\\/\\\/coltex.com.br\\\/site\\\/\",\"name\":\"Coltex\",\"description\":\"\",\"publisher\":{\"@id\":\"https:\\\/\\\/coltex.com.br\\\/site\\\/#organization\"},\"potentialAction\":[{\"@type\":\"SearchAction\",\"target\":{\"@type\":\"EntryPoint\",\"urlTemplate\":\"https:\\\/\\\/coltex.com.br\\\/site\\\/?s={search_term_string}\"},\"query-input\":{\"@type\":\"PropertyValueSpecification\",\"valueRequired\":true,\"valueName\":\"search_term_string\"}}],\"inLanguage\":\"pt-BR\"},{\"@type\":\"Organization\",\"@id\":\"https:\\\/\\\/coltex.com.br\\\/site\\\/#organization\",\"name\":\"Coltex\",\"url\":\"https:\\\/\\\/coltex.com.br\\\/site\\\/\",\"logo\":{\"@type\":\"ImageObject\",\"inLanguage\":\"pt-BR\",\"@id\":\"https:\\\/\\\/coltex.com.br\\\/site\\\/#\\\/schema\\\/logo\\\/image\\\/\",\"url\":\"https:\\\/\\\/coltex.com.br\\\/site\\\/wp-content\\\/uploads\\\/2025\\\/10\\\/logo-coltex-para-o-site-copiar.png\",\"contentUrl\":\"https:\\\/\\\/coltex.com.br\\\/site\\\/wp-content\\\/uploads\\\/2025\\\/10\\\/logo-coltex-para-o-site-copiar.png\",\"width\":424,\"height\":135,\"caption\":\"Coltex\"},\"image\":{\"@id\":\"https:\\\/\\\/coltex.com.br\\\/site\\\/#\\\/schema\\\/logo\\\/image\\\/\"},\"sameAs\":[\"https:\\\/\\\/www.facebook.com\\\/coltextextil\",\"https:\\\/\\\/www.instagram.com\\\/coltextextil\",\"https:\\\/\\\/www.youtube.com\\\/@coltextextil\",\"https:\\\/\\\/www.linkedin.com\\\/company\\\/coltextextil\",\"https:\\\/\\\/br.pinterest.com\\\/coltextextil\"]}]}<\/script>\n<!-- \/ Yoast SEO plugin. -->","yoast_head_json":{"title":"Techwear - Coltex","robots":{"index":"index","follow":"follow","max-snippet":"max-snippet:-1","max-image-preview":"max-image-preview:large","max-video-preview":"max-video-preview:-1"},"canonical":"https:\/\/coltex.com.br\/site\/casual-tech\/","og_locale":"pt_BR","og_type":"article","og_title":"Techwear - Coltex","og_description":"Techwear A linha TECHWEAR da Coltex T\u00eaxtil acompanha a evolu\u00e7\u00e3o do vestir contempor\u00e2neo ao propor uma alfaiataria tecnol\u00f3gica pensada para homens e mulheres que vivem rotinas din\u00e2micas e multifacetadas. A crescente busca por pe\u00e7as vers\u00e1teis, confort\u00e1veis e de baixa manuten\u00e7\u00e3o impulsiona um novo olhar sobre a moda, no qual funcionalidade e sofistica\u00e7\u00e3o caminham juntas, atendendo [&hellip;]","og_url":"https:\/\/coltex.com.br\/site\/casual-tech\/","og_site_name":"Coltex","article_publisher":"https:\/\/www.facebook.com\/coltextextil","article_modified_time":"2026-01-09T18:28:40+00:00","og_image":[{"width":914,"height":1371,"url":"https:\/\/coltex.com.br\/site\/wp-content\/uploads\/2026\/01\/DOTS-3.jpg","type":"image\/jpeg"}],"twitter_card":"summary_large_image","twitter_misc":{"Est. tempo de leitura":"1 minuto"},"schema":{"@context":"https:\/\/schema.org","@graph":[{"@type":"WebPage","@id":"https:\/\/coltex.com.br\/site\/casual-tech\/","url":"https:\/\/coltex.com.br\/site\/casual-tech\/","name":"Techwear - Coltex","isPartOf":{"@id":"https:\/\/coltex.com.br\/site\/#website"},"primaryImageOfPage":{"@id":"https:\/\/coltex.com.br\/site\/casual-tech\/#primaryimage"},"image":{"@id":"https:\/\/coltex.com.br\/site\/casual-tech\/#primaryimage"},"thumbnailUrl":"https:\/\/coltex.com.br\/site\/wp-content\/uploads\/2026\/01\/DOTS-3-683x1024.jpg","datePublished":"2025-11-07T19:39:57+00:00","dateModified":"2026-01-09T18:28:40+00:00","breadcrumb":{"@id":"https:\/\/coltex.com.br\/site\/casual-tech\/#breadcrumb"},"inLanguage":"pt-BR","potentialAction":[{"@type":"ReadAction","target":["https:\/\/coltex.com.br\/site\/casual-tech\/"]}]},{"@type":"ImageObject","inLanguage":"pt-BR","@id":"https:\/\/coltex.com.br\/site\/casual-tech\/#primaryimage","url":"https:\/\/coltex.com.br\/site\/wp-content\/uploads\/2026\/01\/DOTS-3.jpg","contentUrl":"https:\/\/coltex.com.br\/site\/wp-content\/uploads\/2026\/01\/DOTS-3.jpg","width":914,"height":1371},{"@type":"BreadcrumbList","@id":"https:\/\/coltex.com.br\/site\/casual-tech\/#breadcrumb","itemListElement":[{"@type":"ListItem","position":1,"name":"In\u00edcio","item":"https:\/\/coltex.com.br\/site\/"},{"@type":"ListItem","position":2,"name":"Techwear"}]},{"@type":"WebSite","@id":"https:\/\/coltex.com.br\/site\/#website","url":"https:\/\/coltex.com.br\/site\/","name":"Coltex","description":"","publisher":{"@id":"https:\/\/coltex.com.br\/site\/#organization"},"potentialAction":[{"@type":"SearchAction","target":{"@type":"EntryPoint","urlTemplate":"https:\/\/coltex.com.br\/site\/?s={search_term_string}"},"query-input":{"@type":"PropertyValueSpecification","valueRequired":true,"valueName":"search_term_string"}}],"inLanguage":"pt-BR"},{"@type":"Organization","@id":"https:\/\/coltex.com.br\/site\/#organization","name":"Coltex","url":"https:\/\/coltex.com.br\/site\/","logo":{"@type":"ImageObject","inLanguage":"pt-BR","@id":"https:\/\/coltex.com.br\/site\/#\/schema\/logo\/image\/","url":"https:\/\/coltex.com.br\/site\/wp-content\/uploads\/2025\/10\/logo-coltex-para-o-site-copiar.png","contentUrl":"https:\/\/coltex.com.br\/site\/wp-content\/uploads\/2025\/10\/logo-coltex-para-o-site-copiar.png","width":424,"height":135,"caption":"Coltex"},"image":{"@id":"https:\/\/coltex.com.br\/site\/#\/schema\/logo\/image\/"},"sameAs":["https:\/\/www.facebook.com\/coltextextil","https:\/\/www.instagram.com\/coltextextil","https:\/\/www.youtube.com\/@coltextextil","https:\/\/www.linkedin.com\/company\/coltextextil","https:\/\/br.pinterest.com\/coltextextil"]}]}},"_links":{"self":[{"href":"https:\/\/coltex.com.br\/site\/wp-json\/wp\/v2\/pages\/1380","targetHints":{"allow":["GET"]}}],"collection":[{"href":"https:\/\/coltex.com.br\/site\/wp-json\/wp\/v2\/pages"}],"about":[{"href":"https:\/\/coltex.com.br\/site\/wp-json\/wp\/v2\/types\/page"}],"author":[{"embeddable":true,"href":"https:\/\/coltex.com.br\/site\/wp-json\/wp\/v2\/users\/2"}],"replies":[{"embeddable":true,"href":"https:\/\/coltex.com.br\/site\/wp-json\/wp\/v2\/comments?post=1380"}],"version-history":[{"count":8,"href":"https:\/\/coltex.com.br\/site\/wp-json\/wp\/v2\/pages\/1380\/revisions"}],"predecessor-version":[{"id":2103,"href":"https:\/\/coltex.com.br\/site\/wp-json\/wp\/v2\/pages\/1380\/revisions\/2103"}],"wp:attachment":[{"href":"https:\/\/coltex.com.br\/site\/wp-json\/wp\/v2\/media?parent=1380"}],"curies":[{"name":"wp","href":"https:\/\/api.w.org\/{rel}","templated":true}]}}