{"id":2120,"date":"2026-01-09T16:30:45","date_gmt":"2026-01-09T19:30:45","guid":{"rendered":"https:\/\/coltex.com.br\/site\/?page_id=2120"},"modified":"2026-01-09T16:30:45","modified_gmt":"2026-01-09T19:30:45","slug":"colecao-clube","status":"publish","type":"page","link":"https:\/\/coltex.com.br\/site\/colecao-clube\/","title":{"rendered":"Cole\u00e7\u00e3o Clube"},"content":{"rendered":"\n<div class=\"wp-block-group alignfull has-global-padding is-content-justification-center is-layout-constrained wp-container-core-group-is-layout-df757ecc wp-block-group-is-layout-constrained\" style=\"margin-top:0;margin-bottom:0;padding-top:calc( 0.5 * var(--wp--style--root--padding-right, var(--wp--custom--gap--horizontal)));padding-right:var(--wp--style--root--padding-right, var(--wp--custom--gap--horizontal));padding-bottom:calc( 0.5 * var(--wp--style--root--padding-right, var(--wp--custom--gap--horizontal)));padding-left:var(--wp--style--root--padding-left, var(--wp--custom--gap--horizontal))\">\n<div style=\"height:calc( 0.25 * var(--wp--style--root--padding-right, var(--wp--custom--gap--horizontal)))\" aria-hidden=\"true\" class=\"wp-block-spacer\"><\/div>\n\n\n\n<div class=\"wp-block-columns alignwide is-layout-flex wp-container-core-columns-is-layout-7fc3d43a wp-block-columns-is-layout-flex\">\n<div class=\"wp-block-column is-vertically-aligned-center has-global-padding is-content-justification-left is-layout-constrained wp-container-core-column-is-layout-128e448e wp-block-column-is-layout-constrained\" style=\"flex-basis:40%\">\n<h2 class=\"wp-block-heading\">Clube<\/h2>\n\n\n\n<p>Somos partes de algo maior.<br>Os Tecidos que se costuram entre hist\u00f3rias, lugares e pessoas diferentes, com um prop\u00f3sito \u00fanico.<\/p>\n\n\n\n<p>O Clube nasce para celebrar o esp\u00edrito de comunidade onde cada singularidade encontra pertencimento, base e sentido.<br>No Clube Coltex n\u00e3o existem muros. Existem pontes.<\/p>\n\n\n\n<p>N\u00e3o h\u00e1 sobreposi\u00e7\u00e3o de ideias, mas um entrela\u00e7ar de bons relacionamentos.<br>As tend\u00eancias somam estilos, a pluralidade amplia a inova\u00e7\u00e3o.<\/p>\n\n\n\n<p>Cada cor, cada forma, cada detalhe \u00e9 parte essencial dessa trama que s\u00f3 existe porque somos m\u00faltiplos.<\/p>\n\n\n\n<p>Esta cole\u00e7\u00e3o \u00e9 um convite a vestir a conex\u00e3o, a explorar a coletividade, a traduzir no corpo o s\u00edmbolo de que pertencemos uns aos outros. O Clube \u00e9 celebra\u00e7\u00e3o, \u00e9 encontro, \u00e9 uni\u00e3o.<\/p>\n\n\n\n<p>\u00c9 o manifesto de uma comunidade que reconhece em cada tecido a textura da sua beleza.<\/p>\n\n\n\n<p>O Clube \u00e9 a afirma\u00e7\u00e3o de que juntos somos mais fortes, mais diversos, mais inteiros.<\/p>\n\n\n\n<p>Juntos&nbsp;somos&nbsp;Coltex.<\/p>\n\n\n\n<p><\/p>\n\n\n\n<div class=\"wp-block-buttons is-layout-flex wp-block-buttons-is-layout-flex\">\n<div class=\"wp-block-button\"><a class=\"wp-block-button__link wp-element-button\">Comece agora<\/a><\/div>\n<\/div>\n<\/div>\n\n\n\n<div class=\"wp-block-column is-layout-flow wp-block-column-is-layout-flow\">\n<div class=\"wp-block-columns alignwide is-layout-flex wp-container-core-columns-is-layout-85695472 wp-block-columns-is-layout-flex\">\n<div class=\"wp-block-column is-layout-flow wp-container-core-column-is-layout-6b73ce23 wp-block-column-is-layout-flow\">\n<figure class=\"wp-block-image size-full is-style-default\"><img decoding=\"async\" src=\"https:\/\/coltex.com.br\/site\/wp-content\/uploads\/2025\/12\/000A7826-scaled.jpg\" alt=\"\" class=\"wp-image-1787\" style=\"aspect-ratio:1;object-fit:cover\"\/><\/figure>\n\n\n\n<figure class=\"wp-block-image size-full is-style-default\"><img decoding=\"async\" src=\"https:\/\/coltex.com.br\/site\/wp-content\/uploads\/2025\/11\/30-PIXEL-scaled.jpg\" alt=\"\" class=\"wp-image-1653\" style=\"aspect-ratio:1;object-fit:cover\"\/><\/figure>\n<\/div>\n\n\n\n<div class=\"wp-block-column is-layout-flow wp-container-core-column-is-layout-6b73ce23 wp-block-column-is-layout-flow\">\n<figure class=\"wp-block-image size-full is-style-default\"><img decoding=\"async\" src=\"https:\/\/coltex.com.br\/site\/wp-content\/uploads\/2025\/12\/DSC08662-Copia-scaled.jpg\" alt=\"\" class=\"wp-image-1788\" style=\"aspect-ratio:1;object-fit:cover\"\/><\/figure>\n\n\n\n<figure class=\"wp-block-image size-full is-style-default\"><img loading=\"lazy\" decoding=\"async\" width=\"2560\" height=\"1961\" src=\"https:\/\/coltex.com.br\/site\/wp-content\/uploads\/2025\/11\/DSC08340-scaled.jpg\" alt=\"\" class=\"wp-image-1272\" style=\"aspect-ratio:1;object-fit:cover\" srcset=\"https:\/\/coltex.com.br\/site\/wp-content\/uploads\/2025\/11\/DSC08340-scaled.jpg 2560w, https:\/\/coltex.com.br\/site\/wp-content\/uploads\/2025\/11\/DSC08340-300x230.jpg 300w, https:\/\/coltex.com.br\/site\/wp-content\/uploads\/2025\/11\/DSC08340-1024x785.jpg 1024w, https:\/\/coltex.com.br\/site\/wp-content\/uploads\/2025\/11\/DSC08340-768x588.jpg 768w, https:\/\/coltex.com.br\/site\/wp-content\/uploads\/2025\/11\/DSC08340-1536x1177.jpg 1536w, https:\/\/coltex.com.br\/site\/wp-content\/uploads\/2025\/11\/DSC08340-2048x1569.jpg 2048w, https:\/\/coltex.com.br\/site\/wp-content\/uploads\/2025\/11\/DSC08340-600x460.jpg 600w\" sizes=\"auto, (max-width: 2560px) 100vw, 2560px\" \/><\/figure>\n<\/div>\n<\/div>\n<\/div>\n<\/div>\n\n\n\n<div style=\"height:calc( 0.25 * var(--wp--style--root--padding-right, var(--wp--custom--gap--horizontal)))\" aria-hidden=\"true\" class=\"wp-block-spacer\"><\/div>\n<\/div>\n\n\n\n<div class=\"wp-block-group alignfull has-global-padding is-content-justification-center is-layout-constrained wp-container-core-group-is-layout-df757ecc wp-block-group-is-layout-constrained\" style=\"margin-top:0;margin-bottom:0;padding-top:calc( 0.5 * var(--wp--style--root--padding-right, var(--wp--custom--gap--horizontal)));padding-right:var(--wp--style--root--padding-right, var(--wp--custom--gap--horizontal));padding-bottom:calc( 0.5 * var(--wp--style--root--padding-right, var(--wp--custom--gap--horizontal)));padding-left:var(--wp--style--root--padding-left, var(--wp--custom--gap--horizontal))\">\n<div style=\"height:calc( 0.25 * var(--wp--style--root--padding-right, var(--wp--custom--gap--horizontal)))\" aria-hidden=\"true\" class=\"wp-block-spacer\"><\/div>\n\n\n\n<div style=\"height:calc( 0.25 * var(--wp--style--root--padding-right, var(--wp--custom--gap--horizontal)))\" aria-hidden=\"true\" class=\"wp-block-spacer\"><\/div>\n\n\n\n<figure class=\"wp-block-image alignfull size-full\"><img loading=\"lazy\" decoding=\"async\" width=\"1920\" height=\"1080\" src=\"https:\/\/coltex.com.br\/site\/wp-content\/uploads\/2025\/11\/banner-principal-site.png\" alt=\"\" class=\"wp-image-1304\" srcset=\"https:\/\/coltex.com.br\/site\/wp-content\/uploads\/2025\/11\/banner-principal-site.png 1920w, https:\/\/coltex.com.br\/site\/wp-content\/uploads\/2025\/11\/banner-principal-site-300x169.png 300w, https:\/\/coltex.com.br\/site\/wp-content\/uploads\/2025\/11\/banner-principal-site-1024x576.png 1024w, https:\/\/coltex.com.br\/site\/wp-content\/uploads\/2025\/11\/banner-principal-site-768x432.png 768w, https:\/\/coltex.com.br\/site\/wp-content\/uploads\/2025\/11\/banner-principal-site-1536x864.png 1536w, https:\/\/coltex.com.br\/site\/wp-content\/uploads\/2025\/11\/banner-principal-site-18x10.png 18w, https:\/\/coltex.com.br\/site\/wp-content\/uploads\/2025\/11\/banner-principal-site-600x338.png 600w\" sizes=\"auto, (max-width: 1920px) 100vw, 1920px\" \/><\/figure>\n\n\n\n<div style=\"height:calc( 0.25 * var(--wp--style--root--padding-right, var(--wp--custom--gap--horizontal)))\" aria-hidden=\"true\" class=\"wp-block-spacer\"><\/div>\n<\/div>\n\n\n\n<div class=\"wp-block-columns alignwide is-layout-flex wp-container-core-columns-is-layout-28f84493 wp-block-columns-is-layout-flex\">\n<div class=\"wp-block-column is-layout-flow wp-block-column-is-layout-flow\" style=\"flex-basis:25%\">\n<figure class=\"wp-block-image size-large is-style-default\"><img loading=\"lazy\" decoding=\"async\" width=\"683\" height=\"1024\" src=\"https:\/\/coltex.com.br\/site\/wp-content\/uploads\/2026\/01\/000A7830-1-683x1024.jpg\" alt=\"\" class=\"wp-image-1975\" style=\"aspect-ratio:3\/4;object-fit:cover\" srcset=\"https:\/\/coltex.com.br\/site\/wp-content\/uploads\/2026\/01\/000A7830-1-683x1024.jpg 683w, https:\/\/coltex.com.br\/site\/wp-content\/uploads\/2026\/01\/000A7830-1-200x300.jpg 200w, https:\/\/coltex.com.br\/site\/wp-content\/uploads\/2026\/01\/000A7830-1-768x1152.jpg 768w, https:\/\/coltex.com.br\/site\/wp-content\/uploads\/2026\/01\/000A7830-1-1024x1536.jpg 1024w, https:\/\/coltex.com.br\/site\/wp-content\/uploads\/2026\/01\/000A7830-1-1365x2048.jpg 1365w, https:\/\/coltex.com.br\/site\/wp-content\/uploads\/2026\/01\/000A7830-1-8x12.jpg 8w, https:\/\/coltex.com.br\/site\/wp-content\/uploads\/2026\/01\/000A7830-1-600x900.jpg 600w, https:\/\/coltex.com.br\/site\/wp-content\/uploads\/2026\/01\/000A7830-1-scaled.jpg 1707w\" sizes=\"auto, (max-width: 683px) 100vw, 683px\" \/><\/figure>\n\n\n\n<figure class=\"wp-block-image size-large\"><img loading=\"lazy\" decoding=\"async\" width=\"576\" height=\"1024\" src=\"https:\/\/coltex.com.br\/site\/wp-content\/uploads\/2026\/01\/LANCAmento-576x1024.jpg\" alt=\"\" class=\"wp-image-2123\" srcset=\"https:\/\/coltex.com.br\/site\/wp-content\/uploads\/2026\/01\/LANCAmento-576x1024.jpg 576w, https:\/\/coltex.com.br\/site\/wp-content\/uploads\/2026\/01\/LANCAmento-169x300.jpg 169w, https:\/\/coltex.com.br\/site\/wp-content\/uploads\/2026\/01\/LANCAmento-768x1365.jpg 768w, https:\/\/coltex.com.br\/site\/wp-content\/uploads\/2026\/01\/LANCAmento-864x1536.jpg 864w, https:\/\/coltex.com.br\/site\/wp-content\/uploads\/2026\/01\/LANCAmento-7x12.jpg 7w, https:\/\/coltex.com.br\/site\/wp-content\/uploads\/2026\/01\/LANCAmento-600x1067.jpg 600w, https:\/\/coltex.com.br\/site\/wp-content\/uploads\/2026\/01\/LANCAmento.jpg 1080w\" sizes=\"auto, (max-width: 576px) 100vw, 576px\" \/><\/figure>\n<\/div>\n\n\n\n<div class=\"wp-block-column is-layout-flow wp-block-column-is-layout-flow\" style=\"flex-basis:25%\">\n<div style=\"height:500px\" aria-hidden=\"true\" class=\"wp-block-spacer\"><\/div>\n\n\n\n<figure class=\"wp-block-image size-large\"><img loading=\"lazy\" decoding=\"async\" width=\"683\" height=\"1024\" src=\"https:\/\/coltex.com.br\/site\/wp-content\/uploads\/2026\/01\/46-TOKYO-1587-1365x2048-1-683x1024.jpg\" alt=\"\" class=\"wp-image-1900\" srcset=\"https:\/\/coltex.com.br\/site\/wp-content\/uploads\/2026\/01\/46-TOKYO-1587-1365x2048-1-683x1024.jpg 683w, https:\/\/coltex.com.br\/site\/wp-content\/uploads\/2026\/01\/46-TOKYO-1587-1365x2048-1-200x300.jpg 200w, https:\/\/coltex.com.br\/site\/wp-content\/uploads\/2026\/01\/46-TOKYO-1587-1365x2048-1-768x1152.jpg 768w, https:\/\/coltex.com.br\/site\/wp-content\/uploads\/2026\/01\/46-TOKYO-1587-1365x2048-1-1024x1536.jpg 1024w, https:\/\/coltex.com.br\/site\/wp-content\/uploads\/2026\/01\/46-TOKYO-1587-1365x2048-1-8x12.jpg 8w, https:\/\/coltex.com.br\/site\/wp-content\/uploads\/2026\/01\/46-TOKYO-1587-1365x2048-1-600x900.jpg 600w, https:\/\/coltex.com.br\/site\/wp-content\/uploads\/2026\/01\/46-TOKYO-1587-1365x2048-1.jpg 1365w\" sizes=\"auto, (max-width: 683px) 100vw, 683px\" \/><\/figure>\n<\/div>\n\n\n\n<div class=\"wp-block-column is-layout-flow wp-block-column-is-layout-flow\" style=\"flex-basis:45%\">\n<figure class=\"wp-block-image size-large is-style-default\"><img loading=\"lazy\" decoding=\"async\" width=\"1024\" height=\"576\" src=\"https:\/\/coltex.com.br\/site\/wp-content\/uploads\/2025\/11\/banner-principal-site-1024x576.png\" alt=\"\" class=\"wp-image-1304\" style=\"aspect-ratio:4\/3;object-fit:cover\" srcset=\"https:\/\/coltex.com.br\/site\/wp-content\/uploads\/2025\/11\/banner-principal-site-1024x576.png 1024w, https:\/\/coltex.com.br\/site\/wp-content\/uploads\/2025\/11\/banner-principal-site-300x169.png 300w, https:\/\/coltex.com.br\/site\/wp-content\/uploads\/2025\/11\/banner-principal-site-768x432.png 768w, https:\/\/coltex.com.br\/site\/wp-content\/uploads\/2025\/11\/banner-principal-site-1536x864.png 1536w, https:\/\/coltex.com.br\/site\/wp-content\/uploads\/2025\/11\/banner-principal-site-18x10.png 18w, https:\/\/coltex.com.br\/site\/wp-content\/uploads\/2025\/11\/banner-principal-site-600x338.png 600w, https:\/\/coltex.com.br\/site\/wp-content\/uploads\/2025\/11\/banner-principal-site.png 1920w\" sizes=\"auto, (max-width: 1024px) 100vw, 1024px\" \/><\/figure>\n\n\n\n<figure class=\"wp-block-image size-large\"><img loading=\"lazy\" decoding=\"async\" width=\"819\" height=\"1024\" src=\"https:\/\/coltex.com.br\/site\/wp-content\/uploads\/2026\/01\/Prancheta-5-819x1024.png\" alt=\"\" class=\"wp-image-2122\" srcset=\"https:\/\/coltex.com.br\/site\/wp-content\/uploads\/2026\/01\/Prancheta-5-819x1024.png 819w, https:\/\/coltex.com.br\/site\/wp-content\/uploads\/2026\/01\/Prancheta-5-240x300.png 240w, https:\/\/coltex.com.br\/site\/wp-content\/uploads\/2026\/01\/Prancheta-5-768x960.png 768w, https:\/\/coltex.com.br\/site\/wp-content\/uploads\/2026\/01\/Prancheta-5-10x12.png 10w, https:\/\/coltex.com.br\/site\/wp-content\/uploads\/2026\/01\/Prancheta-5-600x750.png 600w, https:\/\/coltex.com.br\/site\/wp-content\/uploads\/2026\/01\/Prancheta-5.png 1056w\" sizes=\"auto, (max-width: 819px) 100vw, 819px\" \/><\/figure>\n<\/div>\n<\/div>\n\n\n\n<figure class=\"wp-block-embed is-type-video is-provider-youtube wp-block-embed-youtube wp-embed-aspect-16-9 wp-has-aspect-ratio\"><div class=\"wp-block-embed__wrapper\">\n<iframe loading=\"lazy\" title=\"Clube Coltex | 2026\" width=\"500\" height=\"281\" src=\"https:\/\/www.youtube.com\/embed\/d2iNYlrXmfY?feature=oembed\" frameborder=\"0\" allow=\"accelerometer; autoplay; clipboard-write; encrypted-media; gyroscope; picture-in-picture; web-share\" referrerpolicy=\"strict-origin-when-cross-origin\" allowfullscreen><\/iframe>\n<\/div><\/figure>\n","protected":false},"excerpt":{"rendered":"<p>Clube Somos partes de algo maior.Os Tecidos que se costuram entre hist\u00f3rias, lugares e pessoas diferentes, com um prop\u00f3sito \u00fanico. O Clube nasce para celebrar o esp\u00edrito de comunidade onde cada singularidade encontra pertencimento, base e sentido.No Clube Coltex n\u00e3o existem muros. Existem pontes. N\u00e3o h\u00e1 sobreposi\u00e7\u00e3o de ideias, mas um entrela\u00e7ar de bons relacionamentos.As [&hellip;]<\/p>\n","protected":false},"author":2,"featured_media":0,"parent":0,"menu_order":0,"comment_status":"closed","ping_status":"closed","template":"","meta":{"footnotes":""},"class_list":["post-2120","page","type-page","status-publish","hentry"],"yoast_head":"<!-- This site is optimized with the Yoast SEO plugin v27.5 - https:\/\/yoast.com\/product\/yoast-seo-wordpress\/ -->\n<title>Cole\u00e7\u00e3o Clube - Coltex<\/title>\n<meta name=\"robots\" content=\"index, follow, max-snippet:-1, max-image-preview:large, max-video-preview:-1\" \/>\n<link rel=\"canonical\" href=\"https:\/\/coltex.com.br\/site\/colecao-clube\/\" \/>\n<meta property=\"og:locale\" content=\"pt_BR\" \/>\n<meta property=\"og:type\" content=\"article\" \/>\n<meta property=\"og:title\" content=\"Cole\u00e7\u00e3o Clube - Coltex\" \/>\n<meta property=\"og:description\" content=\"Clube Somos partes de algo maior.Os Tecidos que se costuram entre hist\u00f3rias, lugares e pessoas diferentes, com um prop\u00f3sito \u00fanico. O Clube nasce para celebrar o esp\u00edrito de comunidade onde cada singularidade encontra pertencimento, base e sentido.No Clube Coltex n\u00e3o existem muros. Existem pontes. N\u00e3o h\u00e1 sobreposi\u00e7\u00e3o de ideias, mas um entrela\u00e7ar de bons relacionamentos.As [&hellip;]\" \/>\n<meta property=\"og:url\" content=\"https:\/\/coltex.com.br\/site\/colecao-clube\/\" \/>\n<meta property=\"og:site_name\" content=\"Coltex\" \/>\n<meta property=\"article:publisher\" content=\"https:\/\/www.facebook.com\/coltextextil\" \/>\n<meta name=\"twitter:card\" content=\"summary_large_image\" \/>\n<meta name=\"twitter:label1\" content=\"Est. tempo de leitura\" \/>\n\t<meta name=\"twitter:data1\" content=\"1 minuto\" \/>\n<script type=\"application\/ld+json\" class=\"yoast-schema-graph\">{\"@context\":\"https:\\\/\\\/schema.org\",\"@graph\":[{\"@type\":\"WebPage\",\"@id\":\"https:\\\/\\\/coltex.com.br\\\/site\\\/colecao-clube\\\/\",\"url\":\"https:\\\/\\\/coltex.com.br\\\/site\\\/colecao-clube\\\/\",\"name\":\"Cole\u00e7\u00e3o Clube - Coltex\",\"isPartOf\":{\"@id\":\"https:\\\/\\\/coltex.com.br\\\/site\\\/#website\"},\"primaryImageOfPage\":{\"@id\":\"https:\\\/\\\/coltex.com.br\\\/site\\\/colecao-clube\\\/#primaryimage\"},\"image\":{\"@id\":\"https:\\\/\\\/coltex.com.br\\\/site\\\/colecao-clube\\\/#primaryimage\"},\"thumbnailUrl\":\"https:\\\/\\\/coltex.com.br\\\/site\\\/wp-content\\\/uploads\\\/2025\\\/12\\\/000A7826-scaled.jpg\",\"datePublished\":\"2026-01-09T19:30:45+00:00\",\"breadcrumb\":{\"@id\":\"https:\\\/\\\/coltex.com.br\\\/site\\\/colecao-clube\\\/#breadcrumb\"},\"inLanguage\":\"pt-BR\",\"potentialAction\":[{\"@type\":\"ReadAction\",\"target\":[\"https:\\\/\\\/coltex.com.br\\\/site\\\/colecao-clube\\\/\"]}]},{\"@type\":\"ImageObject\",\"inLanguage\":\"pt-BR\",\"@id\":\"https:\\\/\\\/coltex.com.br\\\/site\\\/colecao-clube\\\/#primaryimage\",\"url\":\"\",\"contentUrl\":\"\"},{\"@type\":\"BreadcrumbList\",\"@id\":\"https:\\\/\\\/coltex.com.br\\\/site\\\/colecao-clube\\\/#breadcrumb\",\"itemListElement\":[{\"@type\":\"ListItem\",\"position\":1,\"name\":\"In\u00edcio\",\"item\":\"https:\\\/\\\/coltex.com.br\\\/site\\\/\"},{\"@type\":\"ListItem\",\"position\":2,\"name\":\"Cole\u00e7\u00e3o Clube\"}]},{\"@type\":\"WebSite\",\"@id\":\"https:\\\/\\\/coltex.com.br\\\/site\\\/#website\",\"url\":\"https:\\\/\\\/coltex.com.br\\\/site\\\/\",\"name\":\"Coltex\",\"description\":\"\",\"publisher\":{\"@id\":\"https:\\\/\\\/coltex.com.br\\\/site\\\/#organization\"},\"potentialAction\":[{\"@type\":\"SearchAction\",\"target\":{\"@type\":\"EntryPoint\",\"urlTemplate\":\"https:\\\/\\\/coltex.com.br\\\/site\\\/?s={search_term_string}\"},\"query-input\":{\"@type\":\"PropertyValueSpecification\",\"valueRequired\":true,\"valueName\":\"search_term_string\"}}],\"inLanguage\":\"pt-BR\"},{\"@type\":\"Organization\",\"@id\":\"https:\\\/\\\/coltex.com.br\\\/site\\\/#organization\",\"name\":\"Coltex\",\"url\":\"https:\\\/\\\/coltex.com.br\\\/site\\\/\",\"logo\":{\"@type\":\"ImageObject\",\"inLanguage\":\"pt-BR\",\"@id\":\"https:\\\/\\\/coltex.com.br\\\/site\\\/#\\\/schema\\\/logo\\\/image\\\/\",\"url\":\"https:\\\/\\\/coltex.com.br\\\/site\\\/wp-content\\\/uploads\\\/2025\\\/10\\\/logo-coltex-para-o-site-copiar.png\",\"contentUrl\":\"https:\\\/\\\/coltex.com.br\\\/site\\\/wp-content\\\/uploads\\\/2025\\\/10\\\/logo-coltex-para-o-site-copiar.png\",\"width\":424,\"height\":135,\"caption\":\"Coltex\"},\"image\":{\"@id\":\"https:\\\/\\\/coltex.com.br\\\/site\\\/#\\\/schema\\\/logo\\\/image\\\/\"},\"sameAs\":[\"https:\\\/\\\/www.facebook.com\\\/coltextextil\",\"https:\\\/\\\/www.instagram.com\\\/coltextextil\",\"https:\\\/\\\/www.youtube.com\\\/@coltextextil\",\"https:\\\/\\\/www.linkedin.com\\\/company\\\/coltextextil\",\"https:\\\/\\\/br.pinterest.com\\\/coltextextil\"]}]}<\/script>\n<!-- \/ Yoast SEO plugin. -->","yoast_head_json":{"title":"Cole\u00e7\u00e3o Clube - Coltex","robots":{"index":"index","follow":"follow","max-snippet":"max-snippet:-1","max-image-preview":"max-image-preview:large","max-video-preview":"max-video-preview:-1"},"canonical":"https:\/\/coltex.com.br\/site\/colecao-clube\/","og_locale":"pt_BR","og_type":"article","og_title":"Cole\u00e7\u00e3o Clube - Coltex","og_description":"Clube Somos partes de algo maior.Os Tecidos que se costuram entre hist\u00f3rias, lugares e pessoas diferentes, com um prop\u00f3sito \u00fanico. O Clube nasce para celebrar o esp\u00edrito de comunidade onde cada singularidade encontra pertencimento, base e sentido.No Clube Coltex n\u00e3o existem muros. Existem pontes. N\u00e3o h\u00e1 sobreposi\u00e7\u00e3o de ideias, mas um entrela\u00e7ar de bons relacionamentos.As [&hellip;]","og_url":"https:\/\/coltex.com.br\/site\/colecao-clube\/","og_site_name":"Coltex","article_publisher":"https:\/\/www.facebook.com\/coltextextil","twitter_card":"summary_large_image","twitter_misc":{"Est. tempo de leitura":"1 minuto"},"schema":{"@context":"https:\/\/schema.org","@graph":[{"@type":"WebPage","@id":"https:\/\/coltex.com.br\/site\/colecao-clube\/","url":"https:\/\/coltex.com.br\/site\/colecao-clube\/","name":"Cole\u00e7\u00e3o Clube - Coltex","isPartOf":{"@id":"https:\/\/coltex.com.br\/site\/#website"},"primaryImageOfPage":{"@id":"https:\/\/coltex.com.br\/site\/colecao-clube\/#primaryimage"},"image":{"@id":"https:\/\/coltex.com.br\/site\/colecao-clube\/#primaryimage"},"thumbnailUrl":"https:\/\/coltex.com.br\/site\/wp-content\/uploads\/2025\/12\/000A7826-scaled.jpg","datePublished":"2026-01-09T19:30:45+00:00","breadcrumb":{"@id":"https:\/\/coltex.com.br\/site\/colecao-clube\/#breadcrumb"},"inLanguage":"pt-BR","potentialAction":[{"@type":"ReadAction","target":["https:\/\/coltex.com.br\/site\/colecao-clube\/"]}]},{"@type":"ImageObject","inLanguage":"pt-BR","@id":"https:\/\/coltex.com.br\/site\/colecao-clube\/#primaryimage","url":"","contentUrl":""},{"@type":"BreadcrumbList","@id":"https:\/\/coltex.com.br\/site\/colecao-clube\/#breadcrumb","itemListElement":[{"@type":"ListItem","position":1,"name":"In\u00edcio","item":"https:\/\/coltex.com.br\/site\/"},{"@type":"ListItem","position":2,"name":"Cole\u00e7\u00e3o Clube"}]},{"@type":"WebSite","@id":"https:\/\/coltex.com.br\/site\/#website","url":"https:\/\/coltex.com.br\/site\/","name":"Coltex","description":"","publisher":{"@id":"https:\/\/coltex.com.br\/site\/#organization"},"potentialAction":[{"@type":"SearchAction","target":{"@type":"EntryPoint","urlTemplate":"https:\/\/coltex.com.br\/site\/?s={search_term_string}"},"query-input":{"@type":"PropertyValueSpecification","valueRequired":true,"valueName":"search_term_string"}}],"inLanguage":"pt-BR"},{"@type":"Organization","@id":"https:\/\/coltex.com.br\/site\/#organization","name":"Coltex","url":"https:\/\/coltex.com.br\/site\/","logo":{"@type":"ImageObject","inLanguage":"pt-BR","@id":"https:\/\/coltex.com.br\/site\/#\/schema\/logo\/image\/","url":"https:\/\/coltex.com.br\/site\/wp-content\/uploads\/2025\/10\/logo-coltex-para-o-site-copiar.png","contentUrl":"https:\/\/coltex.com.br\/site\/wp-content\/uploads\/2025\/10\/logo-coltex-para-o-site-copiar.png","width":424,"height":135,"caption":"Coltex"},"image":{"@id":"https:\/\/coltex.com.br\/site\/#\/schema\/logo\/image\/"},"sameAs":["https:\/\/www.facebook.com\/coltextextil","https:\/\/www.instagram.com\/coltextextil","https:\/\/www.youtube.com\/@coltextextil","https:\/\/www.linkedin.com\/company\/coltextextil","https:\/\/br.pinterest.com\/coltextextil"]}]}},"_links":{"self":[{"href":"https:\/\/coltex.com.br\/site\/wp-json\/wp\/v2\/pages\/2120","targetHints":{"allow":["GET"]}}],"collection":[{"href":"https:\/\/coltex.com.br\/site\/wp-json\/wp\/v2\/pages"}],"about":[{"href":"https:\/\/coltex.com.br\/site\/wp-json\/wp\/v2\/types\/page"}],"author":[{"embeddable":true,"href":"https:\/\/coltex.com.br\/site\/wp-json\/wp\/v2\/users\/2"}],"replies":[{"embeddable":true,"href":"https:\/\/coltex.com.br\/site\/wp-json\/wp\/v2\/comments?post=2120"}],"version-history":[{"count":1,"href":"https:\/\/coltex.com.br\/site\/wp-json\/wp\/v2\/pages\/2120\/revisions"}],"predecessor-version":[{"id":2124,"href":"https:\/\/coltex.com.br\/site\/wp-json\/wp\/v2\/pages\/2120\/revisions\/2124"}],"wp:attachment":[{"href":"https:\/\/coltex.com.br\/site\/wp-json\/wp\/v2\/media?parent=2120"}],"curies":[{"name":"wp","href":"https:\/\/api.w.org\/{rel}","templated":true}]}}