{"id":220,"date":"2023-07-05T10:52:06","date_gmt":"2023-07-05T10:52:06","guid":{"rendered":"https:\/\/demo.agnidesigns.com\/everglow\/?page_id=220"},"modified":"2026-04-29T18:40:18","modified_gmt":"2026-04-29T21:40:18","slug":"collections","status":"publish","type":"page","link":"https:\/\/coltex.com.br\/site\/collections\/","title":{"rendered":"Cole\u00e7\u00f5es"},"content":{"rendered":"\n<div class=\"wp-block-cover alignfull has-parallax\" style=\"min-height:580px;aspect-ratio:unset;\"><div class=\"wp-block-cover__image-background wp-image-1203 size-large has-parallax\" style=\"background-position:50% 50%;background-image:url(https:\/\/coltex.com.br\/site\/wp-content\/uploads\/2025\/11\/banner-inicial-copiar-1024x533.jpg)\"><\/div><span aria-hidden=\"true\" class=\"wp-block-cover__background has-background-dim-0 has-background-dim\" style=\"background-color:#88776a\"><\/span><div class=\"wp-block-cover__inner-container is-layout-flow wp-block-cover-is-layout-flow\">\n<div style=\"height:80px\" aria-hidden=\"true\" class=\"wp-block-spacer\"><\/div>\n\n\n\n<div class=\"wp-block-group has-global-padding is-layout-constrained wp-block-group-is-layout-constrained\">\n<div class=\"wp-block-group has-global-padding is-content-justification-left is-layout-constrained wp-container-core-group-is-layout-dc37ffa9 wp-block-group-is-layout-constrained\">\n<h5 class=\"wp-block-heading\">Veja o que rolou por aqui <\/h5>\n\n\n\n<h1 class=\"wp-block-heading has-text-align-left\">Explore um pouco mais das nossas \u00faltimas cole\u00e7\u00f5es<\/h1>\n<\/div>\n<\/div>\n<\/div><\/div>\n\n\n\n<div style=\"height:5vh\" aria-hidden=\"true\" class=\"wp-block-spacer\"><\/div>\n\n\n\n<div class=\"wp-block-group alignfull has-white-background-color has-background has-global-padding is-layout-constrained wp-block-group-is-layout-constrained\">\n<div class=\"wp-block-columns is-layout-flex wp-container-core-columns-is-layout-28f84493 wp-block-columns-is-layout-flex\">\n<div class=\"wp-block-column is-layout-flow wp-block-column-is-layout-flow\">\n<figure class=\"wp-block-image size-full\"><img loading=\"lazy\" decoding=\"async\" width=\"2560\" height=\"1707\" src=\"https:\/\/coltex.com.br\/site\/wp-content\/uploads\/2025\/11\/DSC08928-scaled.jpg\" alt=\"\" class=\"wp-image-1201\" style=\"aspect-ratio:4\/3;object-fit:cover\" srcset=\"https:\/\/coltex.com.br\/site\/wp-content\/uploads\/2025\/11\/DSC08928-scaled.jpg 2560w, https:\/\/coltex.com.br\/site\/wp-content\/uploads\/2025\/11\/DSC08928-300x200.jpg 300w, https:\/\/coltex.com.br\/site\/wp-content\/uploads\/2025\/11\/DSC08928-1024x683.jpg 1024w, https:\/\/coltex.com.br\/site\/wp-content\/uploads\/2025\/11\/DSC08928-768x512.jpg 768w, https:\/\/coltex.com.br\/site\/wp-content\/uploads\/2025\/11\/DSC08928-1536x1024.jpg 1536w, https:\/\/coltex.com.br\/site\/wp-content\/uploads\/2025\/11\/DSC08928-2048x1365.jpg 2048w, https:\/\/coltex.com.br\/site\/wp-content\/uploads\/2025\/11\/DSC08928-600x400.jpg 600w\" sizes=\"auto, (max-width: 2560px) 100vw, 2560px\" \/><\/figure>\n\n\n\n<div style=\"height:24px\" aria-hidden=\"true\" class=\"wp-block-spacer\"><\/div>\n\n\n\n<p>Conhe\u00e7a um pouco mais sobre a cole\u00e7\u00e3o<\/p>\n\n\n\n<h3 class=\"wp-block-heading\">CLUBE<\/h3>\n\n\n\n<p>O <strong>Clube Coltex<\/strong> celebra a for\u00e7a da comunidade e da conex\u00e3o. Mais que tecidos, \u00e9 o encontro de hist\u00f3rias, pessoas e estilos que se entrela\u00e7am com prop\u00f3sito. Sem muros, constr\u00f3i pontes; sem sobreposi\u00e7\u00e3o, soma ideias. A pluralidade impulsiona a inova\u00e7\u00e3o, e cada detalhe \u00e9 essencial nessa trama coletiva. A cole\u00e7\u00e3o convida a vestir o pertencimento, afirmando que juntos somos mais fortes, diversos e inteiros.<\/p>\n\n\n\n<div style=\"height:24px\" aria-hidden=\"true\" class=\"wp-block-spacer\"><\/div>\n\n\n\n<h6 class=\"wp-block-heading\"><img decoding=\"async\" class=\"wp-image-78\" style=\"width: 16px;\" src=\"https:\/\/demo.agnidesigns.com\/everglow\/wp-content\/uploads\/2023\/07\/arrow-right.png\" alt=\"\"><a href=\"https:\/\/coltex.com.br\/site\/colecao-clube\/\" data-type=\"page\" data-id=\"2120\">Cole\u00e7\u00e3o Clube<\/a><\/h6>\n<\/div>\n\n\n\n<div class=\"wp-block-column is-layout-flow wp-block-column-is-layout-flow\">\n<figure class=\"wp-block-image size-full\"><img decoding=\"async\" src=\"https:\/\/coltex.com.br\/site\/wp-content\/uploads\/2025\/11\/18-GRISS-3-scaled.jpg\" alt=\"\" class=\"wp-image-1543\" style=\"aspect-ratio:4\/3;object-fit:cover\"\/><\/figure>\n\n\n\n<div style=\"height:24px\" aria-hidden=\"true\" class=\"wp-block-spacer\"><\/div>\n\n\n\n<p>Conhe\u00e7a um pouco mais sobre a cole\u00e7\u00e3o<\/p>\n\n\n\n<h3 class=\"wp-block-heading\">VITA<\/h3>\n\n\n\n<p>A cole\u00e7\u00e3o <strong>VITA<\/strong> celebra a vida como um movimento cont\u00ednuo: cada passo, ciclo e transforma\u00e7\u00e3o t\u00eam valor. Mais que tecidos, \u00e9 uma homenagem \u00e0 ess\u00eancia da vida, ao crescimento, \u00e0 adapta\u00e7\u00e3o e \u00e0 reinven\u00e7\u00e3o. Um convite a viver o presente, fluir com as mudan\u00e7as e reconhecer que cada experi\u00eancia comp\u00f5e a hist\u00f3ria que estamos sempre construindo.<\/p>\n\n\n\n<div style=\"height:16px\" aria-hidden=\"true\" class=\"wp-block-spacer\"><\/div>\n\n\n\n<h6 class=\"wp-block-heading\"><img decoding=\"async\" class=\"wp-image-78\" style=\"width: 16px;\" src=\"https:\/\/demo.agnidesigns.com\/everglow\/wp-content\/uploads\/2023\/07\/arrow-right.png\" alt=\"\"><a href=\"https:\/\/coltex.com.br\/site\/colecao-vitta\/\" data-type=\"page\" data-id=\"2125\">Cole\u00e7\u00e3o ViTTa<\/a><\/h6>\n<\/div>\n<\/div>\n\n\n\n<div style=\"height:5vh\" aria-hidden=\"true\" class=\"wp-block-spacer\"><\/div>\n<\/div>\n\n\n\n<div class=\"wp-block-group has-global-padding is-content-justification-left is-layout-constrained wp-container-core-group-is-layout-40b51ded wp-block-group-is-layout-constrained\">\n<p><\/p>\n<\/div>\n","protected":false},"excerpt":{"rendered":"<p>Conhe\u00e7a um pouco mais sobre a cole\u00e7\u00e3o CLUBE O Clube Coltex celebra a for\u00e7a da comunidade e da conex\u00e3o. Mais que tecidos, \u00e9 o encontro de hist\u00f3rias, pessoas e estilos que se entrela\u00e7am com prop\u00f3sito. Sem muros, constr\u00f3i pontes; sem sobreposi\u00e7\u00e3o, soma ideias. A pluralidade impulsiona a inova\u00e7\u00e3o, e cada detalhe \u00e9 essencial nessa trama [&hellip;]<\/p>\n","protected":false},"author":2,"featured_media":0,"parent":0,"menu_order":0,"comment_status":"closed","ping_status":"closed","template":"page-blank-transparent-lite","meta":{"footnotes":""},"class_list":["post-220","page","type-page","status-publish","hentry"],"yoast_head":"<!-- This site is optimized with the Yoast SEO plugin v27.5 - https:\/\/yoast.com\/product\/yoast-seo-wordpress\/ -->\n<title>Cole\u00e7\u00f5es - Coltex<\/title>\n<meta name=\"robots\" content=\"index, follow, max-snippet:-1, max-image-preview:large, max-video-preview:-1\" \/>\n<link rel=\"canonical\" href=\"https:\/\/coltex.com.br\/site\/collections\/\" \/>\n<meta property=\"og:locale\" content=\"pt_BR\" \/>\n<meta property=\"og:type\" content=\"article\" \/>\n<meta property=\"og:title\" content=\"Cole\u00e7\u00f5es - Coltex\" \/>\n<meta property=\"og:description\" content=\"Conhe\u00e7a um pouco mais sobre a cole\u00e7\u00e3o CLUBE O Clube Coltex celebra a for\u00e7a da comunidade e da conex\u00e3o. Mais que tecidos, \u00e9 o encontro de hist\u00f3rias, pessoas e estilos que se entrela\u00e7am com prop\u00f3sito. Sem muros, constr\u00f3i pontes; sem sobreposi\u00e7\u00e3o, soma ideias. A pluralidade impulsiona a inova\u00e7\u00e3o, e cada detalhe \u00e9 essencial nessa trama [&hellip;]\" \/>\n<meta property=\"og:url\" content=\"https:\/\/coltex.com.br\/site\/collections\/\" \/>\n<meta property=\"og:site_name\" content=\"Coltex\" \/>\n<meta property=\"article:publisher\" content=\"https:\/\/www.facebook.com\/coltextextil\" \/>\n<meta property=\"article:modified_time\" content=\"2026-04-29T21:40:18+00:00\" \/>\n<meta property=\"og:image\" content=\"https:\/\/coltex.com.br\/site\/wp-content\/uploads\/2025\/11\/DSC08928-scaled.jpg\" \/>\n\t<meta property=\"og:image:width\" content=\"2560\" \/>\n\t<meta property=\"og:image:height\" content=\"1707\" \/>\n\t<meta property=\"og:image:type\" content=\"image\/jpeg\" \/>\n<meta name=\"twitter:card\" content=\"summary_large_image\" \/>\n<meta name=\"twitter:label1\" content=\"Est. tempo de leitura\" \/>\n\t<meta name=\"twitter:data1\" content=\"1 minuto\" \/>\n<script type=\"application\/ld+json\" class=\"yoast-schema-graph\">{\"@context\":\"https:\\\/\\\/schema.org\",\"@graph\":[{\"@type\":\"WebPage\",\"@id\":\"https:\\\/\\\/coltex.com.br\\\/site\\\/collections\\\/\",\"url\":\"https:\\\/\\\/coltex.com.br\\\/site\\\/collections\\\/\",\"name\":\"Cole\u00e7\u00f5es - Coltex\",\"isPartOf\":{\"@id\":\"https:\\\/\\\/coltex.com.br\\\/site\\\/#website\"},\"primaryImageOfPage\":{\"@id\":\"https:\\\/\\\/coltex.com.br\\\/site\\\/collections\\\/#primaryimage\"},\"image\":{\"@id\":\"https:\\\/\\\/coltex.com.br\\\/site\\\/collections\\\/#primaryimage\"},\"thumbnailUrl\":\"https:\\\/\\\/coltex.com.br\\\/site\\\/wp-content\\\/uploads\\\/2025\\\/11\\\/DSC08928-scaled.jpg\",\"datePublished\":\"2023-07-05T10:52:06+00:00\",\"dateModified\":\"2026-04-29T21:40:18+00:00\",\"breadcrumb\":{\"@id\":\"https:\\\/\\\/coltex.com.br\\\/site\\\/collections\\\/#breadcrumb\"},\"inLanguage\":\"pt-BR\",\"potentialAction\":[{\"@type\":\"ReadAction\",\"target\":[\"https:\\\/\\\/coltex.com.br\\\/site\\\/collections\\\/\"]}]},{\"@type\":\"ImageObject\",\"inLanguage\":\"pt-BR\",\"@id\":\"https:\\\/\\\/coltex.com.br\\\/site\\\/collections\\\/#primaryimage\",\"url\":\"https:\\\/\\\/coltex.com.br\\\/site\\\/wp-content\\\/uploads\\\/2025\\\/11\\\/DSC08928-scaled.jpg\",\"contentUrl\":\"https:\\\/\\\/coltex.com.br\\\/site\\\/wp-content\\\/uploads\\\/2025\\\/11\\\/DSC08928-scaled.jpg\",\"width\":2560,\"height\":1707},{\"@type\":\"BreadcrumbList\",\"@id\":\"https:\\\/\\\/coltex.com.br\\\/site\\\/collections\\\/#breadcrumb\",\"itemListElement\":[{\"@type\":\"ListItem\",\"position\":1,\"name\":\"In\u00edcio\",\"item\":\"https:\\\/\\\/coltex.com.br\\\/site\\\/\"},{\"@type\":\"ListItem\",\"position\":2,\"name\":\"Cole\u00e7\u00f5es\"}]},{\"@type\":\"WebSite\",\"@id\":\"https:\\\/\\\/coltex.com.br\\\/site\\\/#website\",\"url\":\"https:\\\/\\\/coltex.com.br\\\/site\\\/\",\"name\":\"Coltex\",\"description\":\"\",\"publisher\":{\"@id\":\"https:\\\/\\\/coltex.com.br\\\/site\\\/#organization\"},\"potentialAction\":[{\"@type\":\"SearchAction\",\"target\":{\"@type\":\"EntryPoint\",\"urlTemplate\":\"https:\\\/\\\/coltex.com.br\\\/site\\\/?s={search_term_string}\"},\"query-input\":{\"@type\":\"PropertyValueSpecification\",\"valueRequired\":true,\"valueName\":\"search_term_string\"}}],\"inLanguage\":\"pt-BR\"},{\"@type\":\"Organization\",\"@id\":\"https:\\\/\\\/coltex.com.br\\\/site\\\/#organization\",\"name\":\"Coltex\",\"url\":\"https:\\\/\\\/coltex.com.br\\\/site\\\/\",\"logo\":{\"@type\":\"ImageObject\",\"inLanguage\":\"pt-BR\",\"@id\":\"https:\\\/\\\/coltex.com.br\\\/site\\\/#\\\/schema\\\/logo\\\/image\\\/\",\"url\":\"https:\\\/\\\/coltex.com.br\\\/site\\\/wp-content\\\/uploads\\\/2025\\\/10\\\/logo-coltex-para-o-site-copiar.png\",\"contentUrl\":\"https:\\\/\\\/coltex.com.br\\\/site\\\/wp-content\\\/uploads\\\/2025\\\/10\\\/logo-coltex-para-o-site-copiar.png\",\"width\":424,\"height\":135,\"caption\":\"Coltex\"},\"image\":{\"@id\":\"https:\\\/\\\/coltex.com.br\\\/site\\\/#\\\/schema\\\/logo\\\/image\\\/\"},\"sameAs\":[\"https:\\\/\\\/www.facebook.com\\\/coltextextil\",\"https:\\\/\\\/www.instagram.com\\\/coltextextil\",\"https:\\\/\\\/www.youtube.com\\\/@coltextextil\",\"https:\\\/\\\/www.linkedin.com\\\/company\\\/coltextextil\",\"https:\\\/\\\/br.pinterest.com\\\/coltextextil\"]}]}<\/script>\n<!-- \/ Yoast SEO plugin. -->","yoast_head_json":{"title":"Cole\u00e7\u00f5es - Coltex","robots":{"index":"index","follow":"follow","max-snippet":"max-snippet:-1","max-image-preview":"max-image-preview:large","max-video-preview":"max-video-preview:-1"},"canonical":"https:\/\/coltex.com.br\/site\/collections\/","og_locale":"pt_BR","og_type":"article","og_title":"Cole\u00e7\u00f5es - Coltex","og_description":"Conhe\u00e7a um pouco mais sobre a cole\u00e7\u00e3o CLUBE O Clube Coltex celebra a for\u00e7a da comunidade e da conex\u00e3o. Mais que tecidos, \u00e9 o encontro de hist\u00f3rias, pessoas e estilos que se entrela\u00e7am com prop\u00f3sito. Sem muros, constr\u00f3i pontes; sem sobreposi\u00e7\u00e3o, soma ideias. A pluralidade impulsiona a inova\u00e7\u00e3o, e cada detalhe \u00e9 essencial nessa trama [&hellip;]","og_url":"https:\/\/coltex.com.br\/site\/collections\/","og_site_name":"Coltex","article_publisher":"https:\/\/www.facebook.com\/coltextextil","article_modified_time":"2026-04-29T21:40:18+00:00","og_image":[{"width":2560,"height":1707,"url":"https:\/\/coltex.com.br\/site\/wp-content\/uploads\/2025\/11\/DSC08928-scaled.jpg","type":"image\/jpeg"}],"twitter_card":"summary_large_image","twitter_misc":{"Est. tempo de leitura":"1 minuto"},"schema":{"@context":"https:\/\/schema.org","@graph":[{"@type":"WebPage","@id":"https:\/\/coltex.com.br\/site\/collections\/","url":"https:\/\/coltex.com.br\/site\/collections\/","name":"Cole\u00e7\u00f5es - Coltex","isPartOf":{"@id":"https:\/\/coltex.com.br\/site\/#website"},"primaryImageOfPage":{"@id":"https:\/\/coltex.com.br\/site\/collections\/#primaryimage"},"image":{"@id":"https:\/\/coltex.com.br\/site\/collections\/#primaryimage"},"thumbnailUrl":"https:\/\/coltex.com.br\/site\/wp-content\/uploads\/2025\/11\/DSC08928-scaled.jpg","datePublished":"2023-07-05T10:52:06+00:00","dateModified":"2026-04-29T21:40:18+00:00","breadcrumb":{"@id":"https:\/\/coltex.com.br\/site\/collections\/#breadcrumb"},"inLanguage":"pt-BR","potentialAction":[{"@type":"ReadAction","target":["https:\/\/coltex.com.br\/site\/collections\/"]}]},{"@type":"ImageObject","inLanguage":"pt-BR","@id":"https:\/\/coltex.com.br\/site\/collections\/#primaryimage","url":"https:\/\/coltex.com.br\/site\/wp-content\/uploads\/2025\/11\/DSC08928-scaled.jpg","contentUrl":"https:\/\/coltex.com.br\/site\/wp-content\/uploads\/2025\/11\/DSC08928-scaled.jpg","width":2560,"height":1707},{"@type":"BreadcrumbList","@id":"https:\/\/coltex.com.br\/site\/collections\/#breadcrumb","itemListElement":[{"@type":"ListItem","position":1,"name":"In\u00edcio","item":"https:\/\/coltex.com.br\/site\/"},{"@type":"ListItem","position":2,"name":"Cole\u00e7\u00f5es"}]},{"@type":"WebSite","@id":"https:\/\/coltex.com.br\/site\/#website","url":"https:\/\/coltex.com.br\/site\/","name":"Coltex","description":"","publisher":{"@id":"https:\/\/coltex.com.br\/site\/#organization"},"potentialAction":[{"@type":"SearchAction","target":{"@type":"EntryPoint","urlTemplate":"https:\/\/coltex.com.br\/site\/?s={search_term_string}"},"query-input":{"@type":"PropertyValueSpecification","valueRequired":true,"valueName":"search_term_string"}}],"inLanguage":"pt-BR"},{"@type":"Organization","@id":"https:\/\/coltex.com.br\/site\/#organization","name":"Coltex","url":"https:\/\/coltex.com.br\/site\/","logo":{"@type":"ImageObject","inLanguage":"pt-BR","@id":"https:\/\/coltex.com.br\/site\/#\/schema\/logo\/image\/","url":"https:\/\/coltex.com.br\/site\/wp-content\/uploads\/2025\/10\/logo-coltex-para-o-site-copiar.png","contentUrl":"https:\/\/coltex.com.br\/site\/wp-content\/uploads\/2025\/10\/logo-coltex-para-o-site-copiar.png","width":424,"height":135,"caption":"Coltex"},"image":{"@id":"https:\/\/coltex.com.br\/site\/#\/schema\/logo\/image\/"},"sameAs":["https:\/\/www.facebook.com\/coltextextil","https:\/\/www.instagram.com\/coltextextil","https:\/\/www.youtube.com\/@coltextextil","https:\/\/www.linkedin.com\/company\/coltextextil","https:\/\/br.pinterest.com\/coltextextil"]}]}},"_links":{"self":[{"href":"https:\/\/coltex.com.br\/site\/wp-json\/wp\/v2\/pages\/220","targetHints":{"allow":["GET"]}}],"collection":[{"href":"https:\/\/coltex.com.br\/site\/wp-json\/wp\/v2\/pages"}],"about":[{"href":"https:\/\/coltex.com.br\/site\/wp-json\/wp\/v2\/types\/page"}],"author":[{"embeddable":true,"href":"https:\/\/coltex.com.br\/site\/wp-json\/wp\/v2\/users\/2"}],"replies":[{"embeddable":true,"href":"https:\/\/coltex.com.br\/site\/wp-json\/wp\/v2\/comments?post=220"}],"version-history":[{"count":12,"href":"https:\/\/coltex.com.br\/site\/wp-json\/wp\/v2\/pages\/220\/revisions"}],"predecessor-version":[{"id":3990,"href":"https:\/\/coltex.com.br\/site\/wp-json\/wp\/v2\/pages\/220\/revisions\/3990"}],"wp:attachment":[{"href":"https:\/\/coltex.com.br\/site\/wp-json\/wp\/v2\/media?parent=220"}],"curies":[{"name":"wp","href":"https:\/\/api.w.org\/{rel}","templated":true}]}}